{"id":252,"date":"2025-06-02T02:43:14","date_gmt":"2025-06-02T07:43:14","guid":{"rendered":"https:\/\/webs-ritaperu.fknola.easypanel.host\/?page_id=252"},"modified":"2025-06-02T02:44:14","modified_gmt":"2025-06-02T07:44:14","slug":"termos-e-condicoes","status":"publish","type":"page","link":"https:\/\/ritaconference.org\/pt\/termos-e-condicoes\/","title":{"rendered":"Termos e condi\u00e7\u00f5es"},"content":{"rendered":"<div data-elementor-type=\"wp-page\" data-elementor-id=\"252\" class=\"elementor elementor-252\" data-elementor-post-type=\"page\">\n\t\t\t\t\t\t<section class=\"elementor-section elementor-top-section elementor-element elementor-element-af34683 elementor-section-boxed elementor-section-height-default elementor-section-height-default\" data-id=\"af34683\" data-element_type=\"section\" data-e-type=\"section\">\n\t\t\t\t\t\t<div class=\"elementor-container elementor-column-gap-default\">\n\t\t\t\t\t<div class=\"elementor-column elementor-col-100 elementor-top-column elementor-element elementor-element-54e2177\" data-id=\"54e2177\" data-element_type=\"column\" data-e-type=\"column\">\n\t\t\t<div class=\"elementor-widget-wrap elementor-element-populated\">\n\t\t\t\t\t\t<div class=\"elementor-element elementor-element-dae19c4 elementor-widget elementor-widget-heading\" data-id=\"dae19c4\" data-element_type=\"widget\" data-e-type=\"widget\" data-widget_type=\"heading.default\">\n\t\t\t\t<div class=\"elementor-widget-container\">\n\t\t\t\t\t<h2 class=\"elementor-heading-title elementor-size-default\"><p><strong>Termos e condi\u00e7\u00f5es<\/strong><span style=\"font-size: 1.875rem;font-style: inherit;background-color: var(--ast-global-color-5)\"><\/span><\/p><\/h2>\t\t\t\t<\/div>\n\t\t\t\t<\/div>\n\t\t\t\t<div class=\"elementor-element elementor-element-64e02bd elementor-widget elementor-widget-text-editor\" data-id=\"64e02bd\" data-element_type=\"widget\" data-e-type=\"widget\" data-widget_type=\"text-editor.default\">\n\t\t\t\t<div class=\"elementor-widget-container\">\n\t\t\t\t\t\t\t\t\t<p class=\"\" data-start=\"178\" data-end=\"442\"><strong data-start=\"178\" data-end=\"197\">1. introdu\u00e7\u00e3o<\/strong><br data-start=\"197\" data-end=\"200\" \/>Bem-vindo ao site oficial da <strong data-start=\"235\" data-end=\"273\">Raiva nas Am\u00e9ricas - RITA 2025<\/strong>. Ao usar esta plataforma e fazer uma compra, voc\u00ea concorda em obedecer a estes termos e condi\u00e7\u00f5es. Recomendamos que voc\u00ea os leia com aten\u00e7\u00e3o antes de prosseguir.<\/p><p class=\"\" data-start=\"444\" data-end=\"679\"><strong data-start=\"444\" data-end=\"475\">2. Descri\u00e7\u00e3o do servi\u00e7o<\/strong><br data-start=\"475\" data-end=\"478\" \/>O site da RITA 2025 permite que voc\u00ea compre ingressos digitais para o evento internacional. <em data-start=\"569\" data-end=\"605\">Raiva nas Am\u00e9ricas - RITA 2025<\/em>que ser\u00e1 realizada no Peru. Nenhum produto f\u00edsico ser\u00e1 enviado.<\/p><p class=\"\" data-start=\"681\" data-end=\"974\"><strong data-start=\"681\" data-end=\"709\">3. Pre\u00e7os e faturamento<\/strong><br data-start=\"709\" data-end=\"712\" \/>Todos os pre\u00e7os incluem os impostos aplic\u00e1veis de acordo com as normas tribut\u00e1rias peruanas. Se voc\u00ea quiser solicitar um recibo ou fatura, escreva para <strong data-start=\"869\" data-end=\"899\"><a rel=\"noopener\" data-start=\"871\" data-end=\"897\">contact@ritaconference.org<\/a><\/strong> depois que a compra for feita, indicando seus detalhes completos de faturamento.<\/p><p class=\"\" data-start=\"976\" data-end=\"1224\"><strong data-start=\"976\" data-end=\"1000\">4. Processo de compras<\/strong><br data-start=\"1000\" data-end=\"1003\" \/>Para concluir um registro, \u00e9 obrigat\u00f3rio preencher corretamente o formul\u00e1rio de registro e proceder ao pagamento com cart\u00e3o de cr\u00e9dito ou d\u00e9bito. \u00c9 responsabilidade do usu\u00e1rio fornecer informa\u00e7\u00f5es precisas e verific\u00e1veis.<\/p><p class=\"\" data-start=\"1226\" data-end=\"1555\"><strong data-start=\"1226\" data-end=\"1257\">5. Pol\u00edtica de devolu\u00e7\u00e3o<\/strong><br data-start=\"1257\" data-end=\"1260\" \/>As solicita\u00e7\u00f5es de devolu\u00e7\u00e3o ser\u00e3o aceitas no prazo de 7 dias a partir da data da compra, mediante a apresenta\u00e7\u00e3o do comprovante de compra correspondente. A RITA 2025 se reserva o direito de negar a solicita\u00e7\u00e3o em caso de inconsist\u00eancias ou falta de comprovante v\u00e1lido, de acordo com as leis vigentes no Peru.<\/p><p class=\"\" data-start=\"1557\" data-end=\"1706\"><strong data-start=\"1557\" data-end=\"1573\">6. Garantias<\/strong><br data-start=\"1573\" data-end=\"1576\" \/>Os registros s\u00e3o produtos digitais. Nenhuma garantia adicional \u00e9 dada para esses servi\u00e7os ap\u00f3s a confirma\u00e7\u00e3o da compra.<\/p><p class=\"\" data-start=\"1708\" data-end=\"1910\"><strong data-start=\"1708\" data-end=\"1744\">7. Limita\u00e7\u00e3o de responsabilidade<\/strong><br data-start=\"1744\" data-end=\"1747\" \/>A RITA 2025 n\u00e3o \u00e9 respons\u00e1vel por falhas t\u00e9cnicas, interrup\u00e7\u00f5es de servi\u00e7o, erros de gateway de pagamento ou outros problemas que estejam fora do nosso controle direto.<\/p><p class=\"\" data-start=\"1912\" data-end=\"2185\"><strong data-start=\"1912\" data-end=\"1940\">8. Propriedade intelectual<\/strong><br data-start=\"1940\" data-end=\"1943\" \/>Todo o conte\u00fado deste site (textos, imagens, logotipos, gr\u00e1ficos, etc.) \u00e9 protegido por direitos autorais e outras leis de propriedade intelectual. Seu uso, reprodu\u00e7\u00e3o ou distribui\u00e7\u00e3o n\u00e3o autorizados s\u00e3o estritamente proibidos.<\/p><p class=\"\" data-start=\"2187\" data-end=\"2368\"><strong data-start=\"2187\" data-end=\"2222\">9. Lei Aplic\u00e1vel e Jurisdi\u00e7\u00e3o<\/strong><br data-start=\"2222\" data-end=\"2225\" \/>Estes termos ser\u00e3o regidos pelas leis da Rep\u00fablica do Peru. Qualquer controv\u00e9rsia dever\u00e1 ser resolvida pelos tribunais peruanos competentes.<\/p><p class=\"\" data-start=\"2370\" data-end=\"2595\"><strong data-start=\"2370\" data-end=\"2392\">10. Modifica\u00e7\u00f5es<\/strong><br data-start=\"2392\" data-end=\"2395\" \/>Reservamo-nos o direito de atualizar ou modificar estes termos e condi\u00e7\u00f5es sem aviso pr\u00e9vio. As modifica\u00e7\u00f5es ser\u00e3o publicadas nesta p\u00e1gina e entrar\u00e3o em vigor ap\u00f3s a publica\u00e7\u00e3o.<\/p><p class=\"\" data-start=\"2597\" data-end=\"2723\"><strong data-start=\"2597\" data-end=\"2613\">11. Contato<\/strong><br data-start=\"2613\" data-end=\"2616\" \/>Para quaisquer d\u00favidas relacionadas a esses termos, escreva para: <strong data-start=\"2693\" data-end=\"2723\"><a rel=\"noopener\" data-start=\"2695\" data-end=\"2721\">contact@ritaconference.org<\/a><\/strong><\/p>\t\t\t\t\t\t\t\t<\/div>\n\t\t\t\t<\/div>\n\t\t\t\t\t<\/div>\n\t\t<\/div>\n\t\t\t\t\t<\/div>\n\t\t<\/section>\n\t\t\t\t<\/div>","protected":false},"excerpt":{"rendered":"<p>T\u00e9rminos y Condiciones 1. Introducci\u00f3nBienvenido al sitio web oficial de Rabies in the Americas \u2013 RITA 2025. Al utilizar esta [&hellip;]<\/p>","protected":false},"author":1,"featured_media":0,"parent":0,"menu_order":0,"comment_status":"closed","ping_status":"closed","template":"","meta":{"site-sidebar-layout":"no-sidebar","site-content-layout":"","ast-site-content-layout":"full-width-container","site-content-style":"default","site-sidebar-style":"default","ast-global-header-display":"","ast-banner-title-visibility":"","ast-main-header-display":"","ast-hfb-above-header-display":"","ast-hfb-below-header-display":"","ast-hfb-mobile-header-display":"","site-post-title":"disabled","ast-breadcrumbs-content":"","ast-featured-img":"disabled","footer-sml-layout":"","ast-disable-related-posts":"","theme-transparent-header-meta":"","adv-header-id-meta":"","stick-header-meta":"","header-above-stick-meta":"","header-main-stick-meta":"","header-below-stick-meta":"","astra-migrate-meta-layouts":"default","ast-page-background-enabled":"default","ast-page-background-meta":{"desktop":{"background-color":"var(--ast-global-color-5)","background-image":"","background-repeat":"repeat","background-position":"center center","background-size":"auto","background-attachment":"scroll","background-type":"","background-media":"","overlay-type":"","overlay-color":"","overlay-opacity":"","overlay-gradient":""},"tablet":{"background-color":"","background-image":"","background-repeat":"repeat","background-position":"center center","background-size":"auto","background-attachment":"scroll","background-type":"","background-media":"","overlay-type":"","overlay-color":"","overlay-opacity":"","overlay-gradient":""},"mobile":{"background-color":"","background-image":"","background-repeat":"repeat","background-position":"center center","background-size":"auto","background-attachment":"scroll","background-type":"","background-media":"","overlay-type":"","overlay-color":"","overlay-opacity":"","overlay-gradient":""}},"ast-content-background-meta":{"desktop":{"background-color":"var(--ast-global-color-4)","background-image":"","background-repeat":"repeat","background-position":"center center","background-size":"auto","background-attachment":"scroll","background-type":"","background-media":"","overlay-type":"","overlay-color":"","overlay-opacity":"","overlay-gradient":""},"tablet":{"background-color":"var(--ast-global-color-4)","background-image":"","background-repeat":"repeat","background-position":"center center","background-size":"auto","background-attachment":"scroll","background-type":"","background-media":"","overlay-type":"","overlay-color":"","overlay-opacity":"","overlay-gradient":""},"mobile":{"background-color":"var(--ast-global-color-4)","background-image":"","background-repeat":"repeat","background-position":"center center","background-size":"auto","background-attachment":"scroll","background-type":"","background-media":"","overlay-type":"","overlay-color":"","overlay-opacity":"","overlay-gradient":""}},"_joinchat":[],"footnotes":""},"class_list":["post-252","page","type-page","status-publish","hentry"],"_links":{"self":[{"href":"https:\/\/ritaconference.org\/pt\/wp-json\/wp\/v2\/pages\/252","targetHints":{"allow":["GET"]}}],"collection":[{"href":"https:\/\/ritaconference.org\/pt\/wp-json\/wp\/v2\/pages"}],"about":[{"href":"https:\/\/ritaconference.org\/pt\/wp-json\/wp\/v2\/types\/page"}],"author":[{"embeddable":true,"href":"https:\/\/ritaconference.org\/pt\/wp-json\/wp\/v2\/users\/1"}],"replies":[{"embeddable":true,"href":"https:\/\/ritaconference.org\/pt\/wp-json\/wp\/v2\/comments?post=252"}],"version-history":[{"count":4,"href":"https:\/\/ritaconference.org\/pt\/wp-json\/wp\/v2\/pages\/252\/revisions"}],"predecessor-version":[{"id":256,"href":"https:\/\/ritaconference.org\/pt\/wp-json\/wp\/v2\/pages\/252\/revisions\/256"}],"wp:attachment":[{"href":"https:\/\/ritaconference.org\/pt\/wp-json\/wp\/v2\/media?parent=252"}],"curies":[{"name":"wp","href":"https:\/\/api.w.org\/{rel}","templated":true}]}}