{"id":247,"date":"2025-06-02T02:40:25","date_gmt":"2025-06-02T07:40:25","guid":{"rendered":"https:\/\/webs-ritaperu.fknola.easypanel.host\/?page_id=247"},"modified":"2025-07-30T11:32:54","modified_gmt":"2025-07-30T16:32:54","slug":"leilao","status":"publish","type":"page","link":"https:\/\/ritaconference.org\/pt\/leilao\/","title":{"rendered":"Leil\u00e3o"},"content":{"rendered":"<div data-elementor-type=\"wp-page\" data-elementor-id=\"247\" class=\"elementor elementor-247\" data-elementor-post-type=\"page\">\n\t\t\t\t<div class=\"elementor-element elementor-element-d2a1cb9 e-flex e-con-boxed e-con e-parent\" data-id=\"d2a1cb9\" data-element_type=\"container\" data-e-type=\"container\">\n\t\t\t\t\t<div class=\"e-con-inner\">\n\t\t\t\t<div class=\"elementor-element elementor-element-dcd2f87 elementor-widget elementor-widget-html\" data-id=\"dcd2f87\" data-element_type=\"widget\" data-e-type=\"widget\" data-widget_type=\"html.default\">\n\t\t\t\t<div class=\"elementor-widget-container\">\n\t\t\t\t\t<!-- Secci\u00f3n de Subasta RITA - Dise\u00f1o Profesional -->\r\n<div class=\"rita-subasta-container\">\r\n  <div class=\"rita-subasta-header\">\r\n    <h2 class=\"rita-subasta-title\">Dispers\u00e3o<\/h2>\r\n    <div class=\"rita-subasta-divider\"><\/div>\r\n  <\/div>\r\n  \r\n  <div class=\"rita-subasta-content\">\r\n    <div class=\"rita-subasta-text\">\r\n      <p class=\"rita-subasta-intro\">\r\n        Todos os anos, durante o <span class=\"rita-highlight\">Jantar de Gala<\/span> uma campanha de arrecada\u00e7\u00e3o de fundos est\u00e1 em andamento! O dinheiro arrecadado com os leil\u00f5es silenciosos e abertos ajuda a financiar o vencedor do Pr\u00eamio George M. Baer e a cobrir as despesas associadas \u00e0 RITA Inc.\r\n      <\/p>\r\n      \r\n      <p class=\"rita-subasta-paragraph\">\r\n        A distribui\u00e7\u00e3o s\u00f3 \u00e9 poss\u00edvel gra\u00e7as \u00e0 generosidade dos participantes da confer\u00eancia, que trazem e doam uma grande variedade de presentes de todo o mundo, como livros, artesanato, pinturas, doces, curiosidades, camisetas, bon\u00e9s etc.\r\n      <\/p>\r\n      \r\n      <p class=\"rita-subasta-paragraph\">\r\n        Grandes, pequenos, s\u00e9rios e engra\u00e7ados... <span class=\"rita-highlight-blue\">Todos eles s\u00e3o bons e n\u00f3s os adoramos!<\/span>\r\n      <\/p>\r\n      \r\n      <p class=\"rita-subasta-paragraph\">\r\n        Gra\u00e7as ao seu enorme apoio, tanto por meio da doa\u00e7\u00e3o de seus presentes quanto por sua disposi\u00e7\u00e3o a cada ano para comprar essas doa\u00e7\u00f5es \u00fanicas e especiais que arrecadam milhares de d\u00f3lares para uma causa digna!\r\n      <\/p>\r\n      \r\n      <div class=\"rita-subasta-callout\">\r\n        <p>Convidamos voc\u00ea a continuar apoiando essa atividade doando seus presentes para o leil\u00e3o!<\/p>\r\n        <p>Traga seus presentes para a mesa de registro para doar durante a confer\u00eancia e leve sua carteira para o jantar de gala!<\/p>\r\n      <\/div>\r\n      \r\n      <p class=\"rita-subasta-paragraph rita-subasta-thanks\">\r\n        Em nome do Comit\u00ea Diretor Internacional e do Comit\u00ea Organizador do RITA 2025, agradecemos por continuar apoiando esse evento repleto de divers\u00e3o!\r\n      <\/p>\r\n    <\/div>\r\n    \r\n    <div class=\"rita-subasta-image\">\r\n      <img decoding=\"async\" src=\"https:\/\/ritaconference.org\/wp-content\/uploads\/2025\/06\/collage-rabies-1.png\" class=\"rita-collage-img\">\r\n    <\/div>\r\n  <\/div>\r\n<\/div>\r\n\r\n<style>\r\n\/* Importaci\u00f3n de la fuente Poppins *\/\r\n@import url('https:\/\/fonts.googleapis.com\/css2?family=Poppins:wght@300;400;500;600;700&display=swap');\r\n\r\n\/* Variables con la paleta de colores *\/\r\n:root {\r\n  --rita-red: #c01c19;\r\n  --rita-white: #ffffff;\r\n  --rita-dark: #333333;\r\n  --rita-light-gray: #f5f5f5;\r\n  --rita-gold: #d4a017;\r\n  --rita-blue: #023e8a;\r\n  --rita-medium-gray: #666666;\r\n}\r\n\r\n\/* Estilos base *\/\r\n.rita-subasta-container {\r\n  font-family: 'Poppins', sans-serif !important;\r\n  max-width: 1000px;\r\n  margin: 0 auto;\r\n  color: var(--rita-dark);\r\n  box-sizing: border-box;\r\n  line-height: 1.6;\r\n}\r\n\r\n\/* Encabezado *\/\r\n.rita-subasta-header {\r\n  text-align: center;\r\n  margin-bottom: 40px;\r\n}\r\n\r\n.rita-subasta-title {\r\n  color: var(--rita-red) !important;\r\n  font-size: 36px;\r\n  font-weight: 700;\r\n  margin: 0 0 16px 0;\r\n  letter-spacing: -0.5px;\r\n  line-height: 1.2;\r\n}\r\n\r\n.rita-subasta-divider {\r\n  height: 4px;\r\n  width: 80px;\r\n  background: linear-gradient(to right, var(--rita-red), var(--rita-gold));\r\n  margin: 0 auto 20px;\r\n  border-radius: 2px;\r\n}\r\n\r\n\/* Contenido principal *\/\r\n.rita-subasta-content {\r\n  display: grid;\r\n  grid-template-columns: 1fr 1fr;\r\n  gap: 30px;\r\n  align-items: start;\r\n}\r\n\r\n\/* Texto *\/\r\n.rita-subasta-text {\r\n  padding-right: 20px;\r\n}\r\n\r\n.rita-subasta-intro {\r\n  font-size: 17px;\r\n  font-weight: 500;\r\n  margin-top: 0;\r\n  margin-bottom: 20px;\r\n  color: var(--rita-dark);\r\n  border-left: 4px solid var(--rita-red);\r\n  padding-left: 15px;\r\n}\r\n\r\n.rita-subasta-paragraph {\r\n  font-size: 16px;\r\n  margin-bottom: 20px;\r\n  color: var(--rita-dark);\r\n}\r\n\r\n.rita-highlight {\r\n  color: var(--rita-red);\r\n  font-weight: 600;\r\n}\r\n\r\n.rita-highlight-blue {\r\n  color: var(--rita-blue);\r\n  font-weight: 600;\r\n}\r\n\r\n\/* Callout *\/\r\n.rita-subasta-callout {\r\n  background-color: var(--rita-light-gray);\r\n  border-radius: 8px;\r\n  padding: 20px 25px;\r\n  margin: 25px 0;\r\n  border-left: 4px solid var(--rita-gold);\r\n}\r\n\r\n.rita-subasta-callout p {\r\n  margin: 10px 0;\r\n  font-weight: 500;\r\n  color: var(--rita-dark);\r\n}\r\n\r\n.rita-subasta-callout p:first-child {\r\n  color: var(--rita-red);\r\n}\r\n\r\n\/* Imagen *\/\r\n.rita-subasta-image {\r\n  position: relative;\r\n}\r\n\r\n.rita-collage-img {\r\n  width: 100%;\r\n  height: auto;\r\n  border-radius: 8px;\r\n  box-shadow: 0 10px 25px rgba(0,0,0,0.1);\r\n  border: 3px solid var(--rita-white);\r\n  transition: transform 0.3s ease;\r\n}\r\n\r\n.rita-collage-img:hover {\r\n  transform: scale(1.02);\r\n}\r\n\r\n\/* Agradecimiento *\/\r\n.rita-subasta-thanks {\r\n  font-style: italic;\r\n  color: var(--rita-dark);\r\n  border-top: 1px solid var(--rita-light-gray);\r\n  padding-top: 15px;\r\n}\r\n\r\n\/* Responsive *\/\r\n@media (max-width: 800px) {\r\n  .rita-subasta-content {\r\n    grid-template-columns: 1fr;\r\n    gap: 20px;\r\n  }\r\n  \r\n  .rita-subasta-text {\r\n    padding-right: 0;\r\n  }\r\n  \r\n  .rita-subasta-title {\r\n    font-size: 30px;\r\n  }\r\n}\r\n\r\n@media (max-width: 480px) {\r\n  .rita-subasta-container {\r\n    padding: 0 15px;\r\n  }\r\n  \r\n  .rita-subasta-title {\r\n    font-size: 26px;\r\n  }\r\n  \r\n  .rita-subasta-intro,\r\n  .rita-subasta-paragraph {\r\n    font-size: 15px;\r\n  }\r\n  \r\n  .rita-subasta-callout {\r\n    padding: 15px 20px;\r\n  }\r\n}\r\n<\/style>\t\t\t\t<\/div>\n\t\t\t\t<\/div>\n\t\t\t\t\t<\/div>\n\t\t\t\t<\/div>\n\t\t\t\t<\/div>","protected":false},"excerpt":{"rendered":"<p>Dispers\u00e3o Todos os anos, durante o Jantar de Gala, \u00e9 realizado um evento de arrecada\u00e7\u00e3o de fundos! O dinheiro arrecadado por meio [...]<\/p>","protected":false},"author":1,"featured_media":0,"parent":0,"menu_order":0,"comment_status":"closed","ping_status":"closed","template":"","meta":{"site-sidebar-layout":"no-sidebar","site-content-layout":"","ast-site-content-layout":"full-width-container","site-content-style":"default","site-sidebar-style":"default","ast-global-header-display":"","ast-banner-title-visibility":"","ast-main-header-display":"","ast-hfb-above-header-display":"","ast-hfb-below-header-display":"","ast-hfb-mobile-header-display":"","site-post-title":"disabled","ast-breadcrumbs-content":"","ast-featured-img":"disabled","footer-sml-layout":"","ast-disable-related-posts":"","theme-transparent-header-meta":"","adv-header-id-meta":"","stick-header-meta":"","header-above-stick-meta":"","header-main-stick-meta":"","header-below-stick-meta":"","astra-migrate-meta-layouts":"default","ast-page-background-enabled":"default","ast-page-background-meta":{"desktop":{"background-color":"var(--ast-global-color-5)","background-image":"","background-repeat":"repeat","background-position":"center center","background-size":"auto","background-attachment":"scroll","background-type":"","background-media":"","overlay-type":"","overlay-color":"","overlay-opacity":"","overlay-gradient":""},"tablet":{"background-color":"","background-image":"","background-repeat":"repeat","background-position":"center center","background-size":"auto","background-attachment":"scroll","background-type":"","background-media":"","overlay-type":"","overlay-color":"","overlay-opacity":"","overlay-gradient":""},"mobile":{"background-color":"","background-image":"","background-repeat":"repeat","background-position":"center center","background-size":"auto","background-attachment":"scroll","background-type":"","background-media":"","overlay-type":"","overlay-color":"","overlay-opacity":"","overlay-gradient":""}},"ast-content-background-meta":{"desktop":{"background-color":"var(--ast-global-color-4)","background-image":"","background-repeat":"repeat","background-position":"center center","background-size":"auto","background-attachment":"scroll","background-type":"","background-media":"","overlay-type":"","overlay-color":"","overlay-opacity":"","overlay-gradient":""},"tablet":{"background-color":"var(--ast-global-color-4)","background-image":"","background-repeat":"repeat","background-position":"center center","background-size":"auto","background-attachment":"scroll","background-type":"","background-media":"","overlay-type":"","overlay-color":"","overlay-opacity":"","overlay-gradient":""},"mobile":{"background-color":"var(--ast-global-color-4)","background-image":"","background-repeat":"repeat","background-position":"center center","background-size":"auto","background-attachment":"scroll","background-type":"","background-media":"","overlay-type":"","overlay-color":"","overlay-opacity":"","overlay-gradient":""}},"_joinchat":[],"footnotes":""},"class_list":["post-247","page","type-page","status-publish","hentry"],"_links":{"self":[{"href":"https:\/\/ritaconference.org\/pt\/wp-json\/wp\/v2\/pages\/247","targetHints":{"allow":["GET"]}}],"collection":[{"href":"https:\/\/ritaconference.org\/pt\/wp-json\/wp\/v2\/pages"}],"about":[{"href":"https:\/\/ritaconference.org\/pt\/wp-json\/wp\/v2\/types\/page"}],"author":[{"embeddable":true,"href":"https:\/\/ritaconference.org\/pt\/wp-json\/wp\/v2\/users\/1"}],"replies":[{"embeddable":true,"href":"https:\/\/ritaconference.org\/pt\/wp-json\/wp\/v2\/comments?post=247"}],"version-history":[{"count":13,"href":"https:\/\/ritaconference.org\/pt\/wp-json\/wp\/v2\/pages\/247\/revisions"}],"predecessor-version":[{"id":932,"href":"https:\/\/ritaconference.org\/pt\/wp-json\/wp\/v2\/pages\/247\/revisions\/932"}],"wp:attachment":[{"href":"https:\/\/ritaconference.org\/pt\/wp-json\/wp\/v2\/media?parent=247"}],"curies":[{"name":"wp","href":"https:\/\/api.w.org\/{rel}","templated":true}]}}