{"id":228,"date":"2025-06-02T02:29:51","date_gmt":"2025-06-02T07:29:51","guid":{"rendered":"https:\/\/webs-ritaperu.fknola.easypanel.host\/?page_id=228"},"modified":"2025-06-02T02:30:43","modified_gmt":"2025-06-02T07:30:43","slug":"politica-de-privacidade","status":"publish","type":"page","link":"https:\/\/ritaconference.org\/pt\/politica-de-privacidade\/","title":{"rendered":"Pol\u00edtica de privacidade"},"content":{"rendered":"<div data-elementor-type=\"wp-page\" data-elementor-id=\"228\" class=\"elementor elementor-228\" data-elementor-post-type=\"page\">\n\t\t\t\t\t\t<section class=\"elementor-section elementor-top-section elementor-element elementor-element-0edfd9e elementor-section-boxed elementor-section-height-default elementor-section-height-default\" data-id=\"0edfd9e\" data-element_type=\"section\" data-e-type=\"section\">\n\t\t\t\t\t\t<div class=\"elementor-container elementor-column-gap-default\">\n\t\t\t\t\t<div class=\"elementor-column elementor-col-100 elementor-top-column elementor-element elementor-element-2732d1f\" data-id=\"2732d1f\" data-element_type=\"column\" data-e-type=\"column\">\n\t\t\t<div class=\"elementor-widget-wrap elementor-element-populated\">\n\t\t\t\t\t\t<div class=\"elementor-element elementor-element-3e71b02 elementor-widget elementor-widget-heading\" data-id=\"3e71b02\" data-element_type=\"widget\" data-e-type=\"widget\" data-widget_type=\"heading.default\">\n\t\t\t\t<div class=\"elementor-widget-container\">\n\t\t\t\t\t<h2 class=\"elementor-heading-title elementor-size-default\">Pol\u00edtica de privacidade<\/h2>\t\t\t\t<\/div>\n\t\t\t\t<\/div>\n\t\t\t\t<div class=\"elementor-element elementor-element-81b2d33 elementor-widget elementor-widget-text-editor\" data-id=\"81b2d33\" data-element_type=\"widget\" data-e-type=\"widget\" data-widget_type=\"text-editor.default\">\n\t\t\t\t<div class=\"elementor-widget-container\">\n\t\t\t\t\t\t\t\t\t<p class=\"\" data-start=\"249\" data-end=\"498\"><strong data-start=\"249\" data-end=\"268\">1. introdu\u00e7\u00e3o<\/strong><br data-start=\"268\" data-end=\"271\" \/>Em <strong data-start=\"274\" data-end=\"287\">RITA 2025<\/strong>Temos o compromisso de proteger a privacidade de nossos usu\u00e1rios. Esta pol\u00edtica descreve como coletamos, usamos e protegemos suas informa\u00e7\u00f5es pessoais quando voc\u00ea visita nosso site ou faz uma compra.<\/p><p class=\"\" data-start=\"500\" data-end=\"534\"><strong data-start=\"500\" data-end=\"534\">2. informa\u00e7\u00f5es que coletamos<\/strong><\/p><ul data-start=\"536\" data-end=\"1029\"><li class=\"\" data-start=\"536\" data-end=\"695\"><p class=\"\" data-start=\"538\" data-end=\"695\"><strong data-start=\"538\" data-end=\"563\">Informa\u00e7\u00f5es pessoais:<\/strong> Coletamos informa\u00e7\u00f5es como nome, endere\u00e7o de e-mail, n\u00famero de telefone e pa\u00eds de origem quando voc\u00ea se registra ou faz uma compra.<\/p><\/li><li class=\"\" data-start=\"696\" data-end=\"852\"><p class=\"\" data-start=\"698\" data-end=\"852\"><strong data-start=\"698\" data-end=\"722\">Informa\u00e7\u00f5es de pagamento:<\/strong> No momento da compra, coletamos as informa\u00e7\u00f5es necess\u00e1rias para processar o pagamento, como detalhes do cart\u00e3o de cr\u00e9dito ou d\u00e9bito.<\/p><\/li><li class=\"\" data-start=\"853\" data-end=\"1029\"><p class=\"\" data-start=\"855\" data-end=\"1029\"><strong data-start=\"855\" data-end=\"879\">Dados de navega\u00e7\u00e3o:<\/strong> Usamos cookies e tecnologias semelhantes para entender como voc\u00ea interage com nosso site (por exemplo, p\u00e1ginas visitadas ou produtos visualizados).<\/p><\/li><\/ul><p class=\"\" data-start=\"1031\" data-end=\"1059\"><strong data-start=\"1031\" data-end=\"1059\">3. Uso de informa\u00e7\u00f5es<\/strong><\/p><p class=\"\" data-start=\"1061\" data-end=\"1094\">Usamos suas informa\u00e7\u00f5es para:<\/p><ul data-start=\"1095\" data-end=\"1306\"><li class=\"\" data-start=\"1095\" data-end=\"1138\"><p class=\"\" data-start=\"1097\" data-end=\"1138\">Processar e gerenciar seus registros.<\/p><\/li><li class=\"\" data-start=\"1139\" data-end=\"1238\"><p class=\"\" data-start=\"1141\" data-end=\"1238\">Enviar confirma\u00e7\u00f5es, atualiza\u00e7\u00f5es e comunica\u00e7\u00f5es relacionadas \u00e0 sua compra ou ao evento.<\/p><\/li><li class=\"\" data-start=\"1239\" data-end=\"1306\"><p class=\"\" data-start=\"1241\" data-end=\"1306\">Para melhorar a experi\u00eancia do usu\u00e1rio e otimizar nosso site.<\/p><\/li><\/ul><p class=\"\" data-start=\"1308\" data-end=\"1424\"><strong data-start=\"1308\" data-end=\"1336\">4. Compartilhamento de informa\u00e7\u00f5es<\/strong><br data-start=\"1336\" data-end=\"1339\" \/>N\u00e3o compartilhamos suas informa\u00e7\u00f5es pessoais com terceiros, exceto nos seguintes casos:<\/p><ul data-start=\"1425\" data-end=\"1630\"><li class=\"\" data-start=\"1425\" data-end=\"1463\"><p class=\"\" data-start=\"1427\" data-end=\"1463\">Para cumprir com obriga\u00e7\u00f5es legais.<\/p><\/li><li class=\"\" data-start=\"1464\" data-end=\"1512\"><p class=\"\" data-start=\"1466\" data-end=\"1512\">Para processar pagamentos com plataformas seguras.<\/p><\/li><li class=\"\" data-start=\"1513\" data-end=\"1630\"><p class=\"\" data-start=\"1515\" data-end=\"1630\">Para melhorar o servi\u00e7o por meio de fornecedores confi\u00e1veis, que s\u00e3o obrigados a manter a confidencialidade.<\/p><\/li><\/ul><p class=\"\" data-start=\"1632\" data-end=\"1796\"><strong data-start=\"1632\" data-end=\"1648\">5. Seguran\u00e7a<\/strong><br data-start=\"1648\" data-end=\"1651\" \/>Implementamos medidas t\u00e9cnicas e organizacionais razo\u00e1veis para proteger suas informa\u00e7\u00f5es contra acesso n\u00e3o autorizado, uso indevido ou divulga\u00e7\u00e3o.<\/p><p class=\"\" data-start=\"1798\" data-end=\"2002\"><strong data-start=\"1798\" data-end=\"1825\">6. Direitos do usu\u00e1rio<\/strong><br data-start=\"1825\" data-end=\"1828\" \/>Voc\u00ea tem o direito de acessar, atualizar ou excluir suas informa\u00e7\u00f5es pessoais. Voc\u00ea tamb\u00e9m pode solicitar a interrup\u00e7\u00e3o do recebimento de nossas comunica\u00e7\u00f5es promocionais a qualquer momento.<\/p><p class=\"\" data-start=\"2004\" data-end=\"2197\"><strong data-start=\"2004\" data-end=\"2047\">7. Altera\u00e7\u00f5es na Pol\u00edtica de Privacidade<\/strong><br data-start=\"2047\" data-end=\"2050\" \/>N\u00f3s nos reservamos o direito de alterar esta pol\u00edtica. Todas as altera\u00e7\u00f5es ser\u00e3o publicadas nesta p\u00e1gina. Recomendamos que voc\u00ea a revise periodicamente.<\/p><p class=\"\" data-start=\"2199\" data-end=\"2332\"><strong data-start=\"2199\" data-end=\"2214\">8. Contato<\/strong><br data-start=\"2214\" data-end=\"2217\" \/>Em caso de d\u00favidas relacionadas a esta pol\u00edtica de privacidade, voc\u00ea pode escrever para n\u00f3s no endere\u00e7o<br data-start=\"2299\" data-end=\"2302\" \/><strong data-start=\"2302\" data-end=\"2332\"><a rel=\"noopener\" data-start=\"2304\" data-end=\"2330\">contact@ritaconference.org<\/a><\/strong><\/p>\t\t\t\t\t\t\t\t<\/div>\n\t\t\t\t<\/div>\n\t\t\t\t\t<\/div>\n\t\t<\/div>\n\t\t\t\t\t<\/div>\n\t\t<\/section>\n\t\t\t\t<\/div>","protected":false},"excerpt":{"rendered":"<p>Pol\u00edtica de privacidade 1. Introdu\u00e7\u00e3oNa RITA 2025, temos o compromisso de proteger a privacidade de nossos usu\u00e1rios. Esta pol\u00edtica descreve como n\u00f3s [...]<\/p>","protected":false},"author":1,"featured_media":0,"parent":0,"menu_order":0,"comment_status":"closed","ping_status":"closed","template":"","meta":{"site-sidebar-layout":"no-sidebar","site-content-layout":"","ast-site-content-layout":"full-width-container","site-content-style":"default","site-sidebar-style":"default","ast-global-header-display":"","ast-banner-title-visibility":"","ast-main-header-display":"","ast-hfb-above-header-display":"","ast-hfb-below-header-display":"","ast-hfb-mobile-header-display":"","site-post-title":"disabled","ast-breadcrumbs-content":"","ast-featured-img":"disabled","footer-sml-layout":"","ast-disable-related-posts":"","theme-transparent-header-meta":"","adv-header-id-meta":"","stick-header-meta":"","header-above-stick-meta":"","header-main-stick-meta":"","header-below-stick-meta":"","astra-migrate-meta-layouts":"default","ast-page-background-enabled":"default","ast-page-background-meta":{"desktop":{"background-color":"var(--ast-global-color-5)","background-image":"","background-repeat":"repeat","background-position":"center center","background-size":"auto","background-attachment":"scroll","background-type":"","background-media":"","overlay-type":"","overlay-color":"","overlay-opacity":"","overlay-gradient":""},"tablet":{"background-color":"","background-image":"","background-repeat":"repeat","background-position":"center center","background-size":"auto","background-attachment":"scroll","background-type":"","background-media":"","overlay-type":"","overlay-color":"","overlay-opacity":"","overlay-gradient":""},"mobile":{"background-color":"","background-image":"","background-repeat":"repeat","background-position":"center center","background-size":"auto","background-attachment":"scroll","background-type":"","background-media":"","overlay-type":"","overlay-color":"","overlay-opacity":"","overlay-gradient":""}},"ast-content-background-meta":{"desktop":{"background-color":"var(--ast-global-color-4)","background-image":"","background-repeat":"repeat","background-position":"center center","background-size":"auto","background-attachment":"scroll","background-type":"","background-media":"","overlay-type":"","overlay-color":"","overlay-opacity":"","overlay-gradient":""},"tablet":{"background-color":"var(--ast-global-color-4)","background-image":"","background-repeat":"repeat","background-position":"center center","background-size":"auto","background-attachment":"scroll","background-type":"","background-media":"","overlay-type":"","overlay-color":"","overlay-opacity":"","overlay-gradient":""},"mobile":{"background-color":"var(--ast-global-color-4)","background-image":"","background-repeat":"repeat","background-position":"center center","background-size":"auto","background-attachment":"scroll","background-type":"","background-media":"","overlay-type":"","overlay-color":"","overlay-opacity":"","overlay-gradient":""}},"_joinchat":[],"footnotes":""},"class_list":["post-228","page","type-page","status-publish","hentry"],"_links":{"self":[{"href":"https:\/\/ritaconference.org\/pt\/wp-json\/wp\/v2\/pages\/228","targetHints":{"allow":["GET"]}}],"collection":[{"href":"https:\/\/ritaconference.org\/pt\/wp-json\/wp\/v2\/pages"}],"about":[{"href":"https:\/\/ritaconference.org\/pt\/wp-json\/wp\/v2\/types\/page"}],"author":[{"embeddable":true,"href":"https:\/\/ritaconference.org\/pt\/wp-json\/wp\/v2\/users\/1"}],"replies":[{"embeddable":true,"href":"https:\/\/ritaconference.org\/pt\/wp-json\/wp\/v2\/comments?post=228"}],"version-history":[{"count":4,"href":"https:\/\/ritaconference.org\/pt\/wp-json\/wp\/v2\/pages\/228\/revisions"}],"predecessor-version":[{"id":232,"href":"https:\/\/ritaconference.org\/pt\/wp-json\/wp\/v2\/pages\/228\/revisions\/232"}],"wp:attachment":[{"href":"https:\/\/ritaconference.org\/pt\/wp-json\/wp\/v2\/media?parent=228"}],"curies":[{"name":"wp","href":"https:\/\/api.w.org\/{rel}","templated":true}]}}