{"id":1486,"date":"2025-10-10T15:42:16","date_gmt":"2025-10-10T20:42:16","guid":{"rendered":"https:\/\/ritaconference.org\/?page_id=1486"},"modified":"2025-10-10T17:39:47","modified_gmt":"2025-10-10T22:39:47","slug":"formulario-on-line","status":"publish","type":"page","link":"https:\/\/ritaconference.org\/pt\/formulario-on-line\/","title":{"rendered":"Formulario virtual"},"content":{"rendered":"<div data-elementor-type=\"wp-page\" data-elementor-id=\"1486\" class=\"elementor elementor-1486\" data-elementor-post-type=\"page\">\n\t\t\t\t<div class=\"elementor-element elementor-element-6be47db e-flex e-con-boxed e-con e-parent\" data-id=\"6be47db\" data-element_type=\"container\" data-e-type=\"container\">\n\t\t\t\t\t<div class=\"e-con-inner\">\n\t\t\t\t<div class=\"elementor-element elementor-element-4fa2797 elementor-widget elementor-widget-heading\" data-id=\"4fa2797\" data-element_type=\"widget\" data-e-type=\"widget\" data-widget_type=\"heading.default\">\n\t\t\t\t<div class=\"elementor-widget-container\">\n\t\t\t\t\t<h2 class=\"elementor-heading-title elementor-size-default\">FORMUL\u00c1RIO DE REGISTRO - RITA VIRTUAL 2025<\/h2>\t\t\t\t<\/div>\n\t\t\t\t<\/div>\n\t\t\t\t<div class=\"elementor-element elementor-element-f5ee07a elementor-widget elementor-widget-text-editor\" data-id=\"f5ee07a\" data-element_type=\"widget\" data-e-type=\"widget\" data-widget_type=\"text-editor.default\">\n\t\t\t\t<div class=\"elementor-widget-container\">\n\t\t\t\t\t\t\t\t\t<p><strong>Observe que o preenchimento deste formul\u00e1rio n\u00e3o garante a sua participa\u00e7\u00e3o at\u00e9 que voc\u00ea tenha pago a taxa de inscri\u00e7\u00e3o.<\/strong><\/p>\t\t\t\t\t\t\t\t<\/div>\n\t\t\t\t<\/div>\n\t\t\t\t\t<\/div>\n\t\t\t\t<\/div>\n\t\t<div class=\"elementor-element elementor-element-e850acd e-flex e-con-boxed e-con e-parent\" data-id=\"e850acd\" data-element_type=\"container\" data-e-type=\"container\">\n\t\t\t\t\t<div class=\"e-con-inner\">\n\t\t\t\t<div class=\"elementor-element elementor-element-54ed1fe elementor-widget elementor-widget-shortcode\" data-id=\"54ed1fe\" data-element_type=\"widget\" data-e-type=\"widget\" data-widget_type=\"shortcode.default\">\n\t\t\t\t<div class=\"elementor-widget-container\">\n\t\t\t\t\t\t\t<div class=\"elementor-shortcode\"><div class=\"frm_forms  with_frm_style frm_style_rita\" id=\"frm_form_6_container\" data-token=\"e92c7ed41ec7354571e875dc7866d932\">\n<form enctype=\"multipart\/form-data\" method=\"post\" class=\"frm-show-form  frm_pro_form\" id=\"form_rita-20252222\" data-token=\"e92c7ed41ec7354571e875dc7866d932\" action=\"\">\n<div class=\"frm_form_fields\">\n<fieldset>\n<legend class=\"frm_screen_reader\">Registro virtual<\/legend>\r\n\r\n<div class=\"frm_fields_container\">\n<input type=\"hidden\" name=\"frm_action\" value=\"create\" \/>\n<input type=\"hidden\" name=\"form_id\" value=\"6\" \/>\n<input type=\"hidden\" name=\"frm_hide_fields_6\" id=\"frm_hide_fields_6\" value=\"\" \/>\n<input type=\"hidden\" name=\"form_key\" value=\"rita-20252222\" \/>\n<input type=\"hidden\" name=\"item_meta[0]\" value=\"\" \/>\n<input type=\"hidden\" id=\"frm_submit_entry_6\" name=\"frm_submit_entry_6\" value=\"7aa7193713\" \/><input type=\"hidden\" name=\"_wp_http_referer\" value=\"\/pt\/wp-json\/wp\/v2\/pages\/1486\" \/><div id=\"frm_field_144_container\" class=\"frm_form_field form-field  frm_required_field frm_top_container\">\r\n\t<label for=\"field_6jic333\" id=\"field_6jic333_label\" class=\"frm_primary_label\">Sobrenome\r\n\t\t<span class=\"frm_required\" aria-hidden=\"true\">*<\/span>\r\n\t<\/label>\r\n\t<input  type=\"text\" id=\"field_6jic333\" name=\"item_meta[144]\" value=\"\"  data-reqmsg=\"Apellidos cannot be blank.\" aria-required=\"true\" data-invmsg=\"Apellidos is invalid\" aria-invalid=\"false\"   \/>\r\n\t\r\n\t\r\n<\/div>\n<div id=\"frm_field_145_container\" class=\"frm_form_field form-field  frm_required_field frm_top_container\">\r\n\t<label for=\"field_xbnrz33\" id=\"field_xbnrz33_label\" class=\"frm_primary_label\">Nomes \r\n\t\t<span class=\"frm_required\" aria-hidden=\"true\">*<\/span>\r\n\t<\/label>\r\n\t<input  type=\"text\" id=\"field_xbnrz33\" name=\"item_meta[145]\" value=\"\"  data-reqmsg=\"Nombres  cannot be blank.\" aria-required=\"true\" data-invmsg=\"Nombres  is invalid\" aria-invalid=\"false\"   \/>\r\n\t\r\n\t\r\n<\/div>\n<div id=\"frm_field_146_container\" class=\"frm_form_field form-field  frm_required_field frm_top_container\">\r\n\t<label for=\"field_2c6zz33\" id=\"field_2c6zz33_label\" class=\"frm_primary_label\">Nome completo como preferido no certificado\r\n\t\t<span class=\"frm_required\" aria-hidden=\"true\">*<\/span>\r\n\t<\/label>\r\n\t<input  type=\"text\" id=\"field_2c6zz33\" name=\"item_meta[146]\" value=\"\"  data-reqmsg=\"Nombre completo como prefiere que figure en el certificado cannot be blank.\" aria-required=\"true\" data-invmsg=\"Nombre completo como prefiere que figure en el certificado is invalid\" aria-invalid=\"false\"   \/>\r\n\t\r\n\t\r\n<\/div>\n<div id=\"frm_field_149_container\" class=\"frm_form_field form-field  frm_required_field frm_top_container\">\r\n\t<label for=\"field_3nqht33\" id=\"field_3nqht33_label\" class=\"frm_primary_label\">Endere\u00e7o de e-mail\r\n\t\t<span class=\"frm_required\" aria-hidden=\"true\">*<\/span>\r\n\t<\/label>\r\n\t<input type=\"email\" id=\"field_3nqht33\" name=\"item_meta[149]\" value=\"\"  autocomplete=\"email\"  data-reqmsg=\"Correo electr\u00f3nico cannot be blank.\" aria-required=\"true\" data-invmsg=\"Correo electr\u00f3nico is invalid\" aria-invalid=\"false\"  \/>\r\n\t\r\n\t\r\n<\/div>\n<div id=\"frm_field_150_container\" class=\"frm_form_field form-field  frm_required_field frm_top_container\">\r\n\t<label for=\"field_d52f92\" id=\"field_d52f92_label\" class=\"frm_primary_label\">Idade\r\n\t\t<span class=\"frm_required\" aria-hidden=\"true\">*<\/span>\r\n\t<\/label>\r\n\t<input  type=\"text\" id=\"field_d52f92\" name=\"item_meta[150]\" value=\"\"  data-reqmsg=\"Edad no puede estar en blanco.\" aria-required=\"true\" data-invmsg=\"Edad no es v\u00e1lido\" aria-invalid=\"false\"   \/>\r\n\t\r\n\t\r\n<\/div>\n<div id=\"frm_field_151_container\" class=\"frm_form_field form-field  frm_required_field frm_top_container\">\r\n\t<label for=\"field_wxpus2\" id=\"field_wxpus2_label\" class=\"frm_primary_label\">Sexo\r\n\t\t<span class=\"frm_required\" aria-hidden=\"true\">*<\/span>\r\n\t<\/label>\r\n\t<input  type=\"text\" id=\"field_wxpus2\" name=\"item_meta[151]\" value=\"\"  data-reqmsg=\"Sexo no puede estar en blanco.\" aria-required=\"true\" data-invmsg=\"Sexo no es v\u00e1lido\" aria-invalid=\"false\"   \/>\r\n\t\r\n\t\r\n<\/div>\n<div id=\"frm_field_152_container\" class=\"frm_form_field form-field  frm_required_field frm_top_container\">\r\n\t<label for=\"field_cruqm33\" id=\"field_cruqm33_label\" class=\"frm_primary_label\">Celular de contato (inclua o prefixo internacional) \r\n\t\t<span class=\"frm_required\" aria-hidden=\"true\">*<\/span>\r\n\t<\/label>\r\n\t<input type=\"tel\" id=\"field_cruqm33\" name=\"item_meta[152]\" value=\"\"  data-reqmsg=\"Celular de contacto (incluir prefijo internacional)  cannot be blank.\" aria-required=\"true\" data-invmsg=\"Celular de contacto (incluir prefijo internacional)  is invalid\" aria-invalid=\"false\" pattern=\"((\\+\\d{1,3}(-|.| )?\\(?\\d\\)?(-| |.)?\\d{1,5})|(\\(?\\d{2,6}\\)?))(-|.| )?(\\d{3,4})(-|.| )?(\\d{4})(( x| ext)\\d{1,5}){0,1}$\"  \/>\r\n\t\r\n\t\r\n<\/div>\n<div id=\"frm_field_153_container\" class=\"frm_form_field form-field  frm_required_field frm_top_container\">\r\n\t<label for=\"field_19wok33\" id=\"field_19wok33_label\" class=\"frm_primary_label\">Nacionalidade\r\n\t\t<span class=\"frm_required\" aria-hidden=\"true\">*<\/span>\r\n\t<\/label>\r\n\t\t\t<select name=\"item_meta[153]\" id=\"field_19wok33\"  data-reqmsg=\"Nacionalidad cannot be blank.\" aria-required=\"true\" data-invmsg=\"Nacionalidad is invalid\" aria-invalid=\"false\"  >\n\t\t<option  value=\"Afghanistan\">Afeganist\u00e3o<\/option><option  value=\"Aland Islands\">Ilhas Aland<\/option><option  value=\"Albania\">Alb\u00e2nia<\/option><option  value=\"Algeria\">Arg\u00e9lia<\/option><option  value=\"American Samoa\">Samoa Americana<\/option><option  value=\"Andorra\">Andorra<\/option><option  value=\"Angola\">Angola<\/option><option  value=\"Anguilla\">Anguilla<\/option><option  value=\"Antarctica\">Ant\u00e1rtica<\/option><option  value=\"Antigua and Barbuda\">Ant\u00edgua e Barbuda<\/option><option  value=\"Argentina\">Argentina<\/option><option  value=\"Armenia\">Arm\u00eania<\/option><option  value=\"Aruba\">Aruba<\/option><option  value=\"Australia\">Austr\u00e1lia<\/option><option  value=\"Austria\">\u00c1ustria<\/option><option  value=\"Azerbaijan\">Azerbaij\u00e3o<\/option><option  value=\"Bahamas\">Bahamas<\/option><option  value=\"Bahrain\">Bahrein<\/option><option  value=\"Bangladesh\">Bangladesh<\/option><option  value=\"Barbados\">Barbados<\/option><option  value=\"Belarus\">Belarus<\/option><option  value=\"Belgium\">B\u00e9lgica<\/option><option  value=\"Belize\">Belize<\/option><option  value=\"Benin\">Benin<\/option><option  value=\"Bermuda\">Bermudas<\/option><option  value=\"Bhutan\">But\u00e3o<\/option><option  value=\"Bolivia\">Bol\u00edvia<\/option><option  value=\"Bonaire, Sint Eustatius and Saba\">Bonaire, Santo Eust\u00e1quio e Saba<\/option><option  value=\"Bosnia and Herzegovina\">B\u00f3snia e Herzegovina<\/option><option  value=\"Botswana\">Botsuana<\/option><option  value=\"Bouvet Island\">Ilha Bouvet<\/option><option  value=\"Brazil\">Brasil<\/option><option  value=\"British Indian Ocean Territory\">Territ\u00f3rio Brit\u00e2nico do Oceano \u00cdndico<\/option><option  value=\"Brunei\">Brunei<\/option><option  value=\"Bulgaria\">Bulg\u00e1ria<\/option><option  value=\"Burkina Faso\">Burkina Faso<\/option><option  value=\"Burundi\">Burundi<\/option><option  value=\"C\u00f4te d&#039;Ivoire\">Costa do Marfim<\/option><option  value=\"Cambodia\">Camboja<\/option><option  value=\"Cameroon\">Camar\u00f5es<\/option><option  value=\"Canada\">Canad\u00e1<\/option><option  value=\"Cape Verde\">Cabo Verde<\/option><option  value=\"Cayman Islands\">Ilhas Cayman<\/option><option  value=\"Central African Republic\">Rep\u00fablica Centro-Africana<\/option><option  value=\"Chad\">Chade<\/option><option  value=\"Chile\">Chile<\/option><option  value=\"China\">China<\/option><option  value=\"Christmas Island\">Ilha do Natal<\/option><option  value=\"Cocos (Keeling) Islands\">Ilhas Cocos (Keeling)<\/option><option  value=\"Colombia\">Col\u00f4mbia<\/option><option  value=\"Comoros\">Comores<\/option><option  value=\"Congo\">Congo<\/option><option  value=\"Cook Islands\">Ilhas Cook<\/option><option  value=\"Costa Rica\">Costa Rica<\/option><option  value=\"Croatia\">Cro\u00e1cia<\/option><option  value=\"Cuba\">Cuba<\/option><option  value=\"Curacao\">Cura\u00e7ao<\/option><option  value=\"Cyprus\">Chipre<\/option><option  value=\"Czech Republic\">Rep\u00fablica Tcheca<\/option><option  value=\"Denmark\">Dinamarca<\/option><option  value=\"Djibouti\">Djibuti<\/option><option  value=\"Dominica\">Dominica<\/option><option  value=\"Dominican Republic\">Rep\u00fablica Dominicana<\/option><option  value=\"East Timor\">Timor Leste<\/option><option  value=\"Ecuador\">Equador<\/option><option  value=\"Egypt\">Egito<\/option><option  value=\"El Salvador\">El Salvador<\/option><option  value=\"Equatorial Guinea\">Guin\u00e9 Equatorial<\/option><option  value=\"Eritrea\">Eritreia<\/option><option  value=\"Estonia\">Est\u00f4nia<\/option><option  value=\"Ethiopia\">Eti\u00f3pia<\/option><option  value=\"Falkland Islands (Malvinas)\">Ilhas Falkland (Malvinas)<\/option><option  value=\"Faroe Islands\">Ilhas Faroe<\/option><option  value=\"Fiji\">Fiji<\/option><option  value=\"Finland\">Finl\u00e2ndia<\/option><option  value=\"France\">Fran\u00e7a<\/option><option  value=\"French Guiana\">Guiana Francesa<\/option><option  value=\"French Polynesia\">Polin\u00e9sia Francesa<\/option><option  value=\"French Southern Territories\">Territ\u00f3rios Franceses do Sul<\/option><option  value=\"Gabon\">Gab\u00e3o<\/option><option  value=\"Gambia\">G\u00e2mbia<\/option><option  value=\"Georgia\">Ge\u00f3rgia<\/option><option  value=\"Germany\">Alemanha<\/option><option  value=\"Ghana\">Gana<\/option><option  value=\"Gibraltar\">Gibraltar<\/option><option  value=\"Greece\">Gr\u00e9cia<\/option><option  value=\"Greenland\">Groenl\u00e2ndia<\/option><option  value=\"Grenada\">Granada<\/option><option  value=\"Guadeloupe\">Guadalupe<\/option><option  value=\"Guam\">Guam<\/option><option  value=\"Guatemala\">Guatemala<\/option><option  value=\"Guernsey\">Guernsey<\/option><option  value=\"Guinea\">Guin\u00e9<\/option><option  value=\"Guinea-Bissau\">Guin\u00e9-Bissau<\/option><option  value=\"Guyana\">Guiana<\/option><option  value=\"Haiti\">Haiti<\/option><option  value=\"Heard Island and McDonald Islands\">Ilha Heard e Ilhas McDonald<\/option><option  value=\"Holy See\">Santa S\u00e9<\/option><option  value=\"Honduras\">Honduras<\/option><option  value=\"Hong Kong\">Hong Kong<\/option><option  value=\"Hungary\">Hungria<\/option><option  value=\"Iceland\">Isl\u00e2ndia<\/option><option  value=\"India\">\u00cdndia<\/option><option  value=\"Indonesia\">Indon\u00e9sia<\/option><option  value=\"Iran\">Ir\u00e3<\/option><option  value=\"Iraq\">Iraque<\/option><option  value=\"Ireland\">Irlanda<\/option><option  value=\"Isle of Man\">Ilha de Man<\/option><option  value=\"Israel\">Israel<\/option><option  value=\"Italy\">It\u00e1lia<\/option><option  value=\"Jamaica\">Jamaica<\/option><option  value=\"Japan\">Jap\u00e3o<\/option><option  value=\"Jersey\">Jersey<\/option><option  value=\"Jordan\">Jord\u00e2nia<\/option><option  value=\"Kazakhstan\">Cazaquist\u00e3o<\/option><option  value=\"Kenya\">Qu\u00eania<\/option><option  value=\"Kiribati\">Kiribati<\/option><option  value=\"Kosovo\">Kosovo<\/option><option  value=\"Kuwait\">Kuwait<\/option><option  value=\"Kyrgyzstan\">Quirguist\u00e3o<\/option><option  value=\"Laos\">Laos<\/option><option  value=\"Latvia\">Let\u00f4nia<\/option><option  value=\"Lebanon\">L\u00edbano<\/option><option  value=\"Lesotho\">Lesoto<\/option><option  value=\"Liberia\">Lib\u00e9ria<\/option><option  value=\"Libya\">L\u00edbia<\/option><option  value=\"Liechtenstein\">Liechtenstein<\/option><option  value=\"Lithuania\">Litu\u00e2nia<\/option><option  value=\"Luxembourg\">Luxemburgo<\/option><option  value=\"Macao\">Macau<\/option><option  value=\"Macedonia\">Maced\u00f4nia<\/option><option  value=\"Madagascar\">Madagascar<\/option><option  value=\"Malawi\">Malawi<\/option><option  value=\"Malaysia\">Mal\u00e1sia<\/option><option  value=\"Maldives\">Maldivas<\/option><option  value=\"Mali\">Mali<\/option><option  value=\"Malta\">Malta<\/option><option  value=\"Marshall Islands\">Ilhas Marshall<\/option><option  value=\"Martinique\">Martinica<\/option><option  value=\"Mauritania\">Maurit\u00e2nia<\/option><option  value=\"Mauritius\">Ilhas Maur\u00edcio<\/option><option  value=\"Mayotte\">Mayotte<\/option><option  value=\"Mexico\">M\u00e9xico<\/option><option  value=\"Micronesia\">Micron\u00e9sia<\/option><option  value=\"Moldova\">Mold\u00e1via<\/option><option  value=\"Monaco\">M\u00f4naco<\/option><option  value=\"Mongolia\">Mong\u00f3lia<\/option><option  value=\"Montenegro\">Montenegro<\/option><option  value=\"Montserrat\">Montserrat<\/option><option  value=\"Morocco\">Marrocos<\/option><option  value=\"Mozambique\">Mo\u00e7ambique<\/option><option  value=\"Myanmar\">Myanmar<\/option><option  value=\"Namibia\">Nam\u00edbia<\/option><option  value=\"Nauru\">Nauru<\/option><option  value=\"Nepal\">Nepal<\/option><option  value=\"Netherlands\">Pa\u00edses Baixos<\/option><option  value=\"New Caledonia\">Nova Caled\u00f4nia<\/option><option  value=\"New Zealand\">Nova Zel\u00e2ndia<\/option><option  value=\"Nicaragua\">Nicar\u00e1gua<\/option><option  value=\"Niger\">N\u00edger<\/option><option  value=\"Nigeria\">Nig\u00e9ria<\/option><option  value=\"Niue\">Niue<\/option><option  value=\"Norfolk Island\">Ilha Norfolk<\/option><option  value=\"North Korea\">Coreia do Norte<\/option><option  value=\"Northern Mariana Islands\">Ilhas Marianas do Norte<\/option><option  value=\"Norway\">Noruega<\/option><option  value=\"Oman\">Om\u00e3<\/option><option  value=\"Pakistan\">Paquist\u00e3o<\/option><option  value=\"Palau\">Palau<\/option><option  value=\"Palestine\">Palestina<\/option><option  value=\"Panama\">Panam\u00e1<\/option><option  value=\"Papua New Guinea\">Papua Nova Guin\u00e9<\/option><option  value=\"Paraguay\">Paraguai<\/option><option  value=\"Peru\">Peru<\/option><option  value=\"Philippines\">Filipinas<\/option><option  value=\"Pitcairn\">Pitcairn<\/option><option  value=\"Poland\">Pol\u00f4nia<\/option><option  value=\"Portugal\">Portugal<\/option><option  value=\"Puerto Rico\">Porto Rico<\/option><option  value=\"Qatar\">Qatar<\/option><option  value=\"Reunion\">Reuni\u00e3o<\/option><option  value=\"Romania\">Rom\u00eania<\/option><option  value=\"Russia\">R\u00fassia<\/option><option  value=\"Rwanda\">Ruanda<\/option><option  value=\"Saint Barthelemy\">S\u00e3o Bartolomeu<\/option><option  value=\"Saint Helena, Ascension and Tristan da Cunha\">Santa Helena, Ascens\u00e3o e Trist\u00e3o da Cunha<\/option><option  value=\"Saint Kitts and Nevis\">S\u00e3o Crist\u00f3v\u00e3o e N\u00e9vis<\/option><option  value=\"Saint Lucia\">Santa L\u00facia<\/option><option  value=\"Saint Martin (French part)\">S\u00e3o Martinho (parte francesa)<\/option><option  value=\"Saint Pierre and Miquelon\">S\u00e3o Pedro e Miquelon<\/option><option  value=\"Saint Vincent and the Grenadines\">S\u00e3o Vicente e Granadinas<\/option><option  value=\"Samoa\">Samoa<\/option><option  value=\"San Marino\">S\u00e3o Marino<\/option><option  value=\"Sao Tome and Principe\">S\u00e3o Tom\u00e9 e Pr\u00edncipe<\/option><option  value=\"Saudi Arabia\">Ar\u00e1bia Saudita<\/option><option  value=\"Senegal\">Senegal<\/option><option  value=\"Serbia\">S\u00e9rvia<\/option><option  value=\"Seychelles\">Seychelles<\/option><option  value=\"Sierra Leone\">Serra Leoa<\/option><option  value=\"Singapore\">Cingapura<\/option><option  value=\"Sint Maarten (Dutch part)\">Sint Maarten (parte holandesa)<\/option><option  value=\"Slovakia\">Eslov\u00e1quia<\/option><option  value=\"Slovenia\">Eslov\u00eania<\/option><option  value=\"Solomon Islands\">Ilhas Salom\u00e3o<\/option><option  value=\"Somalia\">Som\u00e1lia<\/option><option  value=\"South Africa\">\u00c1frica do Sul<\/option><option  value=\"South Georgia and the South Sandwich Islands\">Ilhas Ge\u00f3rgia do Sul e Sandwich do Sul<\/option><option  value=\"South Korea\">Coreia do Sul<\/option><option  value=\"South Sudan\">Sud\u00e3o do Sul<\/option><option  value=\"Spain\">Espanha<\/option><option  value=\"Sri Lanka\">Sri Lanka<\/option><option  value=\"Sudan\">Sud\u00e3o<\/option><option  value=\"Suriname\">Suriname<\/option><option  value=\"Svalbard and Jan Mayen\">Svalbard e Jan Mayen<\/option><option  value=\"Swaziland\">Suazil\u00e2ndia<\/option><option  value=\"Sweden\">Su\u00e9cia<\/option><option  value=\"Switzerland\">Su\u00ed\u00e7a<\/option><option  value=\"Syria\">S\u00edria<\/option><option  value=\"Taiwan\">Taiwan<\/option><option  value=\"Tajikistan\">Tajiquist\u00e3o<\/option><option  value=\"Tanzania\">Tanz\u00e2nia<\/option><option  value=\"Thailand\">Tail\u00e2ndia<\/option><option  value=\"Timor-Leste\">Timor-Leste<\/option><option  value=\"Togo\">Togo<\/option><option  value=\"Tokelau\">Tokelau<\/option><option  value=\"Tonga\">Tonga<\/option><option  value=\"Trinidad and Tobago\">Trinidad e Tobago<\/option><option  value=\"Tunisia\">Tun\u00edsia<\/option><option  value=\"Turkey\">Turquia<\/option><option  value=\"Turkmenistan\">Turcomenist\u00e3o<\/option><option  value=\"Turks and Caicos Islands\">Ilhas Turcas e Caicos<\/option><option  value=\"Tuvalu\">Tuvalu<\/option><option  value=\"Uganda\">Uganda<\/option><option  value=\"Ukraine\">Ucr\u00e2nia<\/option><option  value=\"United Arab Emirates\">Emirados \u00c1rabes Unidos<\/option><option  value=\"United Kingdom\">Reino Unido<\/option><option  value=\"United States\">Estados Unidos<\/option><option  value=\"United States Minor Outlying Islands\">Ilhas Menores Distantes dos Estados Unidos<\/option><option  value=\"Uruguay\">Uruguai<\/option><option  value=\"Uzbekistan\">Uzbequist\u00e3o<\/option><option  value=\"Vanuatu\">Vanuatu<\/option><option  value=\"Vatican City\">Cidade do Vaticano<\/option><option  value=\"Venezuela\">Venezuela<\/option><option  value=\"Vietnam\">Vietn\u00e3<\/option><option  value=\"Virgin Islands, British\">Ilhas Virgens Brit\u00e2nicas<\/option><option  value=\"Virgin Islands, U.S.\">Ilhas Virgens, EUA<\/option><option  value=\"Wallis and Futuna\">Wallis e Futuna<\/option><option  value=\"Western Sahara\">Saara Ocidental<\/option><option  value=\"Yemen\">I\u00eamen<\/option><option  value=\"Zambia\">Z\u00e2mbia<\/option><option  value=\"Zimbabwe\">Zimb\u00e1bue<\/option>\t<\/select>\n\t\r\n\t\r\n\t\r\n<\/div>\n<div id=\"frm_field_154_container\" class=\"frm_form_field form-field  frm_required_field frm_top_container\">\r\n\t<label for=\"field_w4qfl33\" id=\"field_w4qfl33_label\" class=\"frm_primary_label\">Profiss\u00e3o, ocupa\u00e7\u00e3o ou especialidade\r\n\t\t<span class=\"frm_required\" aria-hidden=\"true\">*<\/span>\r\n\t<\/label>\r\n\t<input  type=\"text\" id=\"field_w4qfl33\" name=\"item_meta[154]\" value=\"\"  data-reqmsg=\"Profesi\u00f3n, ocupaci\u00f3n o especialidad cannot be blank.\" aria-required=\"true\" data-invmsg=\"Profesi\u00f3n, ocupaci\u00f3n o especialidad is invalid\" aria-invalid=\"false\"   \/>\r\n\t\r\n\t\r\n<\/div>\n<div id=\"frm_field_155_container\" class=\"frm_form_field form-field  frm_required_field frm_top_container\">\r\n\t<label for=\"field_3pjbl3\" id=\"field_3pjbl3_label\" class=\"frm_primary_label\">Local de trabalho \/ afilia\u00e7\u00e3o\r\n\t\t<span class=\"frm_required\" aria-hidden=\"true\">*<\/span>\r\n\t<\/label>\r\n\t<input  type=\"text\" id=\"field_3pjbl3\" name=\"item_meta[155]\" value=\"\"  data-reqmsg=\"Centro de Trabajo \/ Afiliaci\u00f3n no puede estar en blanco.\" aria-required=\"true\" data-invmsg=\"Centro de Trabajo \/ Afiliaci\u00f3n no es v\u00e1lido\" aria-invalid=\"false\"   \/>\r\n\t\r\n\t\r\n<\/div>\n<div id=\"frm_field_170_container\" class=\"frm_form_field form-field  frm12 frm_first\">\r\n\t<div class=\"frm_submit frm_flex\">\r\n<button class=\"frm_button_submit frm_final_submit\" type=\"submit\"   formnovalidate=\"formnovalidate\">Enviar<\/button>\r\n\r\n\r\n\r\n<\/div>\r\n<\/div>\n\t<input type=\"hidden\" name=\"item_key\" value=\"\" \/>\n\t\t\t<div id=\"frm_field_171_container\">\n\t\t\t<label for=\"field_2lyzy\" >\n\t\t\t\tSe voc\u00ea \u00e9 humano, deixe este campo em branco.\t\t\t<\/label>\n\t\t\t<input  id=\"field_2lyzy\" type=\"text\" class=\"frm_form_field form-field frm_verify\" name=\"item_meta[171]\" value=\"\"  \/>\n\t\t<\/div>\n\t\t<input name=\"frm_state\" type=\"hidden\" value=\"1XoLqjDXzBJPUqim3qJkqwtPPJIV1QLfhWVCx\/N8X1pLLWZRCvwo\/bzWjiW9qMjP\" \/><\/div>\n<\/fieldset>\n<\/div>\n\n<input type=\"hidden\" name=\"trp-form-language\" value=\"pt\"\/><\/form>\n<\/div>\n<\/div>\n\t\t\t\t\t\t<\/div>\n\t\t\t\t<\/div>\n\t\t\t\t\t<\/div>\n\t\t\t\t<\/div>\n\t\t\t\t<\/div>","protected":false},"excerpt":{"rendered":"<p>FORMULARIO DE INSCRIPCI\u00d3N &#8211; RITA 2025 VIRTUAL Tener en cuanta que el llenado de este formulario no garantiza su participaci\u00f3n, [&hellip;]<\/p>","protected":false},"author":1,"featured_media":0,"parent":0,"menu_order":0,"comment_status":"closed","ping_status":"closed","template":"","meta":{"site-sidebar-layout":"no-sidebar","site-content-layout":"","ast-site-content-layout":"full-width-container","site-content-style":"default","site-sidebar-style":"default","ast-global-header-display":"","ast-banner-title-visibility":"","ast-main-header-display":"","ast-hfb-above-header-display":"","ast-hfb-below-header-display":"","ast-hfb-mobile-header-display":"","site-post-title":"disabled","ast-breadcrumbs-content":"","ast-featured-img":"disabled","footer-sml-layout":"","ast-disable-related-posts":"","theme-transparent-header-meta":"","adv-header-id-meta":"","stick-header-meta":"","header-above-stick-meta":"","header-main-stick-meta":"","header-below-stick-meta":"","astra-migrate-meta-layouts":"default","ast-page-background-enabled":"default","ast-page-background-meta":{"desktop":{"background-color":"var(--ast-global-color-5)","background-image":"","background-repeat":"repeat","background-position":"center center","background-size":"auto","background-attachment":"scroll","background-type":"","background-media":"","overlay-type":"","overlay-color":"","overlay-opacity":"","overlay-gradient":""},"tablet":{"background-color":"","background-image":"","background-repeat":"repeat","background-position":"center center","background-size":"auto","background-attachment":"scroll","background-type":"","background-media":"","overlay-type":"","overlay-color":"","overlay-opacity":"","overlay-gradient":""},"mobile":{"background-color":"","background-image":"","background-repeat":"repeat","background-position":"center center","background-size":"auto","background-attachment":"scroll","background-type":"","background-media":"","overlay-type":"","overlay-color":"","overlay-opacity":"","overlay-gradient":""}},"ast-content-background-meta":{"desktop":{"background-color":"var(--ast-global-color-4)","background-image":"","background-repeat":"repeat","background-position":"center center","background-size":"auto","background-attachment":"scroll","background-type":"","background-media":"","overlay-type":"","overlay-color":"","overlay-opacity":"","overlay-gradient":""},"tablet":{"background-color":"var(--ast-global-color-4)","background-image":"","background-repeat":"repeat","background-position":"center center","background-size":"auto","background-attachment":"scroll","background-type":"","background-media":"","overlay-type":"","overlay-color":"","overlay-opacity":"","overlay-gradient":""},"mobile":{"background-color":"var(--ast-global-color-4)","background-image":"","background-repeat":"repeat","background-position":"center center","background-size":"auto","background-attachment":"scroll","background-type":"","background-media":"","overlay-type":"","overlay-color":"","overlay-opacity":"","overlay-gradient":""}},"_joinchat":[],"footnotes":""},"class_list":["post-1486","page","type-page","status-publish","hentry"],"_links":{"self":[{"href":"https:\/\/ritaconference.org\/pt\/wp-json\/wp\/v2\/pages\/1486","targetHints":{"allow":["GET"]}}],"collection":[{"href":"https:\/\/ritaconference.org\/pt\/wp-json\/wp\/v2\/pages"}],"about":[{"href":"https:\/\/ritaconference.org\/pt\/wp-json\/wp\/v2\/types\/page"}],"author":[{"embeddable":true,"href":"https:\/\/ritaconference.org\/pt\/wp-json\/wp\/v2\/users\/1"}],"replies":[{"embeddable":true,"href":"https:\/\/ritaconference.org\/pt\/wp-json\/wp\/v2\/comments?post=1486"}],"version-history":[{"count":13,"href":"https:\/\/ritaconference.org\/pt\/wp-json\/wp\/v2\/pages\/1486\/revisions"}],"predecessor-version":[{"id":1504,"href":"https:\/\/ritaconference.org\/pt\/wp-json\/wp\/v2\/pages\/1486\/revisions\/1504"}],"wp:attachment":[{"href":"https:\/\/ritaconference.org\/pt\/wp-json\/wp\/v2\/media?parent=1486"}],"curies":[{"name":"wp","href":"https:\/\/api.w.org\/{rel}","templated":true}]}}