{"id":252,"date":"2025-06-02T02:43:14","date_gmt":"2025-06-02T07:43:14","guid":{"rendered":"https:\/\/webs-ritaperu.fknola.easypanel.host\/?page_id=252"},"modified":"2025-06-02T02:44:14","modified_gmt":"2025-06-02T07:44:14","slug":"terminos-y-condiciones","status":"publish","type":"page","link":"https:\/\/ritaconference.org\/es\/terminos-y-condiciones\/","title":{"rendered":"T\u00e9rminos y Condiciones"},"content":{"rendered":"\t\t<div data-elementor-type=\"wp-page\" data-elementor-id=\"252\" class=\"elementor elementor-252\" data-elementor-post-type=\"page\">\n\t\t\t\t\t\t<section class=\"elementor-section elementor-top-section elementor-element elementor-element-af34683 elementor-section-boxed elementor-section-height-default elementor-section-height-default\" data-id=\"af34683\" data-element_type=\"section\" data-e-type=\"section\">\n\t\t\t\t\t\t<div class=\"elementor-container elementor-column-gap-default\">\n\t\t\t\t\t<div class=\"elementor-column elementor-col-100 elementor-top-column elementor-element elementor-element-54e2177\" data-id=\"54e2177\" data-element_type=\"column\" data-e-type=\"column\">\n\t\t\t<div class=\"elementor-widget-wrap elementor-element-populated\">\n\t\t\t\t\t\t<div class=\"elementor-element elementor-element-dae19c4 elementor-widget elementor-widget-heading\" data-id=\"dae19c4\" data-element_type=\"widget\" data-e-type=\"widget\" data-widget_type=\"heading.default\">\n\t\t\t\t<div class=\"elementor-widget-container\">\n\t\t\t\t\t<h2 class=\"elementor-heading-title elementor-size-default\"><p><strong>T\u00e9rminos y Condiciones<\/strong><span style=\"font-size: 1.875rem;font-style: inherit;background-color: var(--ast-global-color-5)\"><\/span><\/p><\/h2>\t\t\t\t<\/div>\n\t\t\t\t<\/div>\n\t\t\t\t<div class=\"elementor-element elementor-element-64e02bd elementor-widget elementor-widget-text-editor\" data-id=\"64e02bd\" data-element_type=\"widget\" data-e-type=\"widget\" data-widget_type=\"text-editor.default\">\n\t\t\t\t<div class=\"elementor-widget-container\">\n\t\t\t\t\t\t\t\t\t<p class=\"\" data-start=\"178\" data-end=\"442\"><strong data-start=\"178\" data-end=\"197\">1. Introducci\u00f3n<\/strong><br data-start=\"197\" data-end=\"200\" \/>Bienvenido al sitio web oficial de <strong data-start=\"235\" data-end=\"273\">Rabies in the Americas \u2013 RITA 2025<\/strong>. Al utilizar esta plataforma y realizar una compra, aceptas cumplir con los presentes t\u00e9rminos y condiciones. Te recomendamos leerlos cuidadosamente antes de continuar.<\/p><p class=\"\" data-start=\"444\" data-end=\"679\"><strong data-start=\"444\" data-end=\"475\">2. Descripci\u00f3n del Servicio<\/strong><br data-start=\"475\" data-end=\"478\" \/>El sitio web de RITA 2025 permite adquirir entradas digitales para el evento internacional <em data-start=\"569\" data-end=\"605\">Rabies in the Americas \u2013 RITA 2025<\/em>, que se celebrar\u00e1 en Per\u00fa. No se realizar\u00e1 el env\u00edo de productos f\u00edsicos.<\/p><p class=\"\" data-start=\"681\" data-end=\"974\"><strong data-start=\"681\" data-end=\"709\">3. Precios y Facturaci\u00f3n<\/strong><br data-start=\"709\" data-end=\"712\" \/>Todos los precios incluyen los impuestos aplicables conforme a la normativa tributaria peruana. Si deseas solicitar una boleta o factura, deber\u00e1s escribir a <strong data-start=\"869\" data-end=\"899\"><a rel=\"noopener\" data-start=\"871\" data-end=\"897\">contact@ritaconference.org<\/a><\/strong> una vez realizada la compra, indicando tus datos de facturaci\u00f3n completos.<\/p><p class=\"\" data-start=\"976\" data-end=\"1224\"><strong data-start=\"976\" data-end=\"1000\">4. Proceso de Compra<\/strong><br data-start=\"1000\" data-end=\"1003\" \/>Para completar una inscripci\u00f3n, es obligatorio llenar correctamente el formulario de datos y proceder al pago mediante tarjeta de cr\u00e9dito o d\u00e9bito. Es responsabilidad del usuario brindar informaci\u00f3n precisa y verificable.<\/p><p class=\"\" data-start=\"1226\" data-end=\"1555\"><strong data-start=\"1226\" data-end=\"1257\">5. Pol\u00edtica de Devoluciones<\/strong><br data-start=\"1257\" data-end=\"1260\" \/>Las solicitudes de devoluci\u00f3n ser\u00e1n aceptadas dentro de los 7 d\u00edas posteriores a la fecha de compra, presentando el comprobante correspondiente. RITA 2025 se reserva el derecho de denegar la solicitud en caso de inconsistencias o falta de pruebas v\u00e1lidas, conforme a las leyes vigentes del Per\u00fa.<\/p><p class=\"\" data-start=\"1557\" data-end=\"1706\"><strong data-start=\"1557\" data-end=\"1573\">6. Garant\u00edas<\/strong><br data-start=\"1573\" data-end=\"1576\" \/>Las inscripciones son productos digitales. No se ofrecen garant\u00edas adicionales sobre estos servicios una vez confirmada la compra.<\/p><p class=\"\" data-start=\"1708\" data-end=\"1910\"><strong data-start=\"1708\" data-end=\"1744\">7. Limitaci\u00f3n de Responsabilidad<\/strong><br data-start=\"1744\" data-end=\"1747\" \/>RITA 2025 no se responsabiliza por fallas t\u00e9cnicas, interrupciones del servicio, errores en la pasarela de pago u otros problemas ajenos a nuestro control directo.<\/p><p class=\"\" data-start=\"1912\" data-end=\"2185\"><strong data-start=\"1912\" data-end=\"1940\">8. Propiedad Intelectual<\/strong><br data-start=\"1940\" data-end=\"1943\" \/>Todos los contenidos de este sitio (textos, im\u00e1genes, logotipos, gr\u00e1ficos, etc.) est\u00e1n protegidos por derechos de autor y otras leyes de propiedad intelectual. Su uso, reproducci\u00f3n o distribuci\u00f3n sin autorizaci\u00f3n est\u00e1 estrictamente prohibido.<\/p><p class=\"\" data-start=\"2187\" data-end=\"2368\"><strong data-start=\"2187\" data-end=\"2222\">9. Ley Aplicable y Jurisdicci\u00f3n<\/strong><br data-start=\"2222\" data-end=\"2225\" \/>Estos t\u00e9rminos se regir\u00e1n por las leyes de la Rep\u00fablica del Per\u00fa. Cualquier controversia ser\u00e1 resuelta por los tribunales peruanos competentes.<\/p><p class=\"\" data-start=\"2370\" data-end=\"2595\"><strong data-start=\"2370\" data-end=\"2392\">10. Modificaciones<\/strong><br data-start=\"2392\" data-end=\"2395\" \/>Nos reservamos el derecho de actualizar o modificar estos t\u00e9rminos y condiciones sin previo aviso. Las modificaciones ser\u00e1n publicadas en esta misma p\u00e1gina y entrar\u00e1n en vigencia desde su publicaci\u00f3n.<\/p><p class=\"\" data-start=\"2597\" data-end=\"2723\"><strong data-start=\"2597\" data-end=\"2613\">11. Contacto<\/strong><br data-start=\"2613\" data-end=\"2616\" \/>Para cualquier consulta relacionada con estos t\u00e9rminos, por favor escribe a: <strong data-start=\"2693\" data-end=\"2723\"><a rel=\"noopener\" data-start=\"2695\" data-end=\"2721\">contact@ritaconference.org<\/a><\/strong><\/p>\t\t\t\t\t\t\t\t<\/div>\n\t\t\t\t<\/div>\n\t\t\t\t\t<\/div>\n\t\t<\/div>\n\t\t\t\t\t<\/div>\n\t\t<\/section>\n\t\t\t\t<\/div>\n\t\t","protected":false},"excerpt":{"rendered":"<p>T\u00e9rminos y Condiciones 1. Introducci\u00f3nBienvenido al sitio web oficial de Rabies in the Americas \u2013 RITA 2025. Al utilizar esta [&hellip;]<\/p>\n","protected":false},"author":1,"featured_media":0,"parent":0,"menu_order":0,"comment_status":"closed","ping_status":"closed","template":"","meta":{"site-sidebar-layout":"no-sidebar","site-content-layout":"","ast-site-content-layout":"full-width-container","site-content-style":"default","site-sidebar-style":"default","ast-global-header-display":"","ast-banner-title-visibility":"","ast-main-header-display":"","ast-hfb-above-header-display":"","ast-hfb-below-header-display":"","ast-hfb-mobile-header-display":"","site-post-title":"disabled","ast-breadcrumbs-content":"","ast-featured-img":"disabled","footer-sml-layout":"","ast-disable-related-posts":"","theme-transparent-header-meta":"","adv-header-id-meta":"","stick-header-meta":"","header-above-stick-meta":"","header-main-stick-meta":"","header-below-stick-meta":"","astra-migrate-meta-layouts":"default","ast-page-background-enabled":"default","ast-page-background-meta":{"desktop":{"background-color":"var(--ast-global-color-5)","background-image":"","background-repeat":"repeat","background-position":"center center","background-size":"auto","background-attachment":"scroll","background-type":"","background-media":"","overlay-type":"","overlay-color":"","overlay-opacity":"","overlay-gradient":""},"tablet":{"background-color":"","background-image":"","background-repeat":"repeat","background-position":"center center","background-size":"auto","background-attachment":"scroll","background-type":"","background-media":"","overlay-type":"","overlay-color":"","overlay-opacity":"","overlay-gradient":""},"mobile":{"background-color":"","background-image":"","background-repeat":"repeat","background-position":"center center","background-size":"auto","background-attachment":"scroll","background-type":"","background-media":"","overlay-type":"","overlay-color":"","overlay-opacity":"","overlay-gradient":""}},"ast-content-background-meta":{"desktop":{"background-color":"var(--ast-global-color-4)","background-image":"","background-repeat":"repeat","background-position":"center center","background-size":"auto","background-attachment":"scroll","background-type":"","background-media":"","overlay-type":"","overlay-color":"","overlay-opacity":"","overlay-gradient":""},"tablet":{"background-color":"var(--ast-global-color-4)","background-image":"","background-repeat":"repeat","background-position":"center center","background-size":"auto","background-attachment":"scroll","background-type":"","background-media":"","overlay-type":"","overlay-color":"","overlay-opacity":"","overlay-gradient":""},"mobile":{"background-color":"var(--ast-global-color-4)","background-image":"","background-repeat":"repeat","background-position":"center center","background-size":"auto","background-attachment":"scroll","background-type":"","background-media":"","overlay-type":"","overlay-color":"","overlay-opacity":"","overlay-gradient":""}},"_joinchat":[],"footnotes":""},"class_list":["post-252","page","type-page","status-publish","hentry"],"_links":{"self":[{"href":"https:\/\/ritaconference.org\/es\/wp-json\/wp\/v2\/pages\/252","targetHints":{"allow":["GET"]}}],"collection":[{"href":"https:\/\/ritaconference.org\/es\/wp-json\/wp\/v2\/pages"}],"about":[{"href":"https:\/\/ritaconference.org\/es\/wp-json\/wp\/v2\/types\/page"}],"author":[{"embeddable":true,"href":"https:\/\/ritaconference.org\/es\/wp-json\/wp\/v2\/users\/1"}],"replies":[{"embeddable":true,"href":"https:\/\/ritaconference.org\/es\/wp-json\/wp\/v2\/comments?post=252"}],"version-history":[{"count":4,"href":"https:\/\/ritaconference.org\/es\/wp-json\/wp\/v2\/pages\/252\/revisions"}],"predecessor-version":[{"id":256,"href":"https:\/\/ritaconference.org\/es\/wp-json\/wp\/v2\/pages\/252\/revisions\/256"}],"wp:attachment":[{"href":"https:\/\/ritaconference.org\/es\/wp-json\/wp\/v2\/media?parent=252"}],"curies":[{"name":"wp","href":"https:\/\/api.w.org\/{rel}","templated":true}]}}