{"id":228,"date":"2025-06-02T02:29:51","date_gmt":"2025-06-02T07:29:51","guid":{"rendered":"https:\/\/webs-ritaperu.fknola.easypanel.host\/?page_id=228"},"modified":"2025-06-02T02:30:43","modified_gmt":"2025-06-02T07:30:43","slug":"politica-de-privacidad","status":"publish","type":"page","link":"https:\/\/ritaconference.org\/es\/politica-de-privacidad\/","title":{"rendered":"Pol\u00edtica de Privacidad"},"content":{"rendered":"\t\t<div data-elementor-type=\"wp-page\" data-elementor-id=\"228\" class=\"elementor elementor-228\" data-elementor-post-type=\"page\">\n\t\t\t\t\t\t<section class=\"elementor-section elementor-top-section elementor-element elementor-element-0edfd9e elementor-section-boxed elementor-section-height-default elementor-section-height-default\" data-id=\"0edfd9e\" data-element_type=\"section\" data-e-type=\"section\">\n\t\t\t\t\t\t<div class=\"elementor-container elementor-column-gap-default\">\n\t\t\t\t\t<div class=\"elementor-column elementor-col-100 elementor-top-column elementor-element elementor-element-2732d1f\" data-id=\"2732d1f\" data-element_type=\"column\" data-e-type=\"column\">\n\t\t\t<div class=\"elementor-widget-wrap elementor-element-populated\">\n\t\t\t\t\t\t<div class=\"elementor-element elementor-element-3e71b02 elementor-widget elementor-widget-heading\" data-id=\"3e71b02\" data-element_type=\"widget\" data-e-type=\"widget\" data-widget_type=\"heading.default\">\n\t\t\t\t<div class=\"elementor-widget-container\">\n\t\t\t\t\t<h2 class=\"elementor-heading-title elementor-size-default\">Pol\u00edtica de Privacidad<\/h2>\t\t\t\t<\/div>\n\t\t\t\t<\/div>\n\t\t\t\t<div class=\"elementor-element elementor-element-81b2d33 elementor-widget elementor-widget-text-editor\" data-id=\"81b2d33\" data-element_type=\"widget\" data-e-type=\"widget\" data-widget_type=\"text-editor.default\">\n\t\t\t\t<div class=\"elementor-widget-container\">\n\t\t\t\t\t\t\t\t\t<p class=\"\" data-start=\"249\" data-end=\"498\"><strong data-start=\"249\" data-end=\"268\">1. Introducci\u00f3n<\/strong><br data-start=\"268\" data-end=\"271\" \/>En <strong data-start=\"274\" data-end=\"287\">RITA 2025<\/strong>, nos comprometemos a proteger la privacidad de nuestros usuarios. Esta pol\u00edtica describe c\u00f3mo recopilamos, utilizamos y protegemos tu informaci\u00f3n personal cuando visitas nuestro sitio web o realizas una compra.<\/p><p class=\"\" data-start=\"500\" data-end=\"534\"><strong data-start=\"500\" data-end=\"534\">2. Informaci\u00f3n que Recopilamos<\/strong><\/p><ul data-start=\"536\" data-end=\"1029\"><li class=\"\" data-start=\"536\" data-end=\"695\"><p class=\"\" data-start=\"538\" data-end=\"695\"><strong data-start=\"538\" data-end=\"563\">Informaci\u00f3n personal:<\/strong> Recopilamos datos como nombre, correo electr\u00f3nico, n\u00famero de tel\u00e9fono y pa\u00eds de origen cuando te registras o realizas una compra.<\/p><\/li><li class=\"\" data-start=\"696\" data-end=\"852\"><p class=\"\" data-start=\"698\" data-end=\"852\"><strong data-start=\"698\" data-end=\"722\">Informaci\u00f3n de pago:<\/strong> Al momento de la compra, recopilamos la informaci\u00f3n necesaria para procesar el pago, como datos de tarjeta de cr\u00e9dito o d\u00e9bito.<\/p><\/li><li class=\"\" data-start=\"853\" data-end=\"1029\"><p class=\"\" data-start=\"855\" data-end=\"1029\"><strong data-start=\"855\" data-end=\"879\">Datos de navegaci\u00f3n:<\/strong> Utilizamos cookies y tecnolog\u00edas similares para entender c\u00f3mo interact\u00faas con nuestro sitio (por ejemplo, p\u00e1ginas visitadas o productos consultados).<\/p><\/li><\/ul><p class=\"\" data-start=\"1031\" data-end=\"1059\"><strong data-start=\"1031\" data-end=\"1059\">3. Uso de la Informaci\u00f3n<\/strong><\/p><p class=\"\" data-start=\"1061\" data-end=\"1094\">Utilizamos tu informaci\u00f3n para:<\/p><ul data-start=\"1095\" data-end=\"1306\"><li class=\"\" data-start=\"1095\" data-end=\"1138\"><p class=\"\" data-start=\"1097\" data-end=\"1138\">Procesar y gestionar tus inscripciones.<\/p><\/li><li class=\"\" data-start=\"1139\" data-end=\"1238\"><p class=\"\" data-start=\"1141\" data-end=\"1238\">Enviar confirmaciones, actualizaciones y comunicaciones relacionadas con tu compra o el evento.<\/p><\/li><li class=\"\" data-start=\"1239\" data-end=\"1306\"><p class=\"\" data-start=\"1241\" data-end=\"1306\">Mejorar la experiencia del usuario y optimizar nuestro sitio web.<\/p><\/li><\/ul><p class=\"\" data-start=\"1308\" data-end=\"1424\"><strong data-start=\"1308\" data-end=\"1336\">4. Compartir Informaci\u00f3n<\/strong><br data-start=\"1336\" data-end=\"1339\" \/>No compartimos tu informaci\u00f3n personal con terceros, salvo en los siguientes casos:<\/p><ul data-start=\"1425\" data-end=\"1630\"><li class=\"\" data-start=\"1425\" data-end=\"1463\"><p class=\"\" data-start=\"1427\" data-end=\"1463\">Para cumplir obligaciones legales.<\/p><\/li><li class=\"\" data-start=\"1464\" data-end=\"1512\"><p class=\"\" data-start=\"1466\" data-end=\"1512\">Para procesar pagos con plataformas seguras.<\/p><\/li><li class=\"\" data-start=\"1513\" data-end=\"1630\"><p class=\"\" data-start=\"1515\" data-end=\"1630\">Para mejorar el servicio mediante proveedores de confianza, quienes est\u00e1n obligados a mantener la confidencialidad.<\/p><\/li><\/ul><p class=\"\" data-start=\"1632\" data-end=\"1796\"><strong data-start=\"1632\" data-end=\"1648\">5. Seguridad<\/strong><br data-start=\"1648\" data-end=\"1651\" \/>Implementamos medidas t\u00e9cnicas y organizativas razonables para proteger tu informaci\u00f3n contra accesos no autorizados, uso indebido o divulgaci\u00f3n.<\/p><p class=\"\" data-start=\"1798\" data-end=\"2002\"><strong data-start=\"1798\" data-end=\"1825\">6. Derechos del Usuario<\/strong><br data-start=\"1825\" data-end=\"1828\" \/>Tienes derecho a acceder, actualizar o eliminar tu informaci\u00f3n personal. Tambi\u00e9n puedes solicitar dejar de recibir nuestras comunicaciones promocionales en cualquier momento.<\/p><p class=\"\" data-start=\"2004\" data-end=\"2197\"><strong data-start=\"2004\" data-end=\"2047\">7. Cambios en la Pol\u00edtica de Privacidad<\/strong><br data-start=\"2047\" data-end=\"2050\" \/>Nos reservamos el derecho de modificar esta pol\u00edtica. Cualquier cambio ser\u00e1 publicado en esta misma p\u00e1gina. Se recomienda revisarla peri\u00f3dicamente.<\/p><p class=\"\" data-start=\"2199\" data-end=\"2332\"><strong data-start=\"2199\" data-end=\"2214\">8. Contacto<\/strong><br data-start=\"2214\" data-end=\"2217\" \/>Para consultas relacionadas con esta pol\u00edtica de privacidad, puedes escribirnos a:<br data-start=\"2299\" data-end=\"2302\" \/><strong data-start=\"2302\" data-end=\"2332\"><a rel=\"noopener\" data-start=\"2304\" data-end=\"2330\">contact@ritaconference.org<\/a><\/strong><\/p>\t\t\t\t\t\t\t\t<\/div>\n\t\t\t\t<\/div>\n\t\t\t\t\t<\/div>\n\t\t<\/div>\n\t\t\t\t\t<\/div>\n\t\t<\/section>\n\t\t\t\t<\/div>\n\t\t","protected":false},"excerpt":{"rendered":"<p>Pol\u00edtica de Privacidad 1. Introducci\u00f3nEn RITA 2025, nos comprometemos a proteger la privacidad de nuestros usuarios. Esta pol\u00edtica describe c\u00f3mo [&hellip;]<\/p>\n","protected":false},"author":1,"featured_media":0,"parent":0,"menu_order":0,"comment_status":"closed","ping_status":"closed","template":"","meta":{"site-sidebar-layout":"no-sidebar","site-content-layout":"","ast-site-content-layout":"full-width-container","site-content-style":"default","site-sidebar-style":"default","ast-global-header-display":"","ast-banner-title-visibility":"","ast-main-header-display":"","ast-hfb-above-header-display":"","ast-hfb-below-header-display":"","ast-hfb-mobile-header-display":"","site-post-title":"disabled","ast-breadcrumbs-content":"","ast-featured-img":"disabled","footer-sml-layout":"","ast-disable-related-posts":"","theme-transparent-header-meta":"","adv-header-id-meta":"","stick-header-meta":"","header-above-stick-meta":"","header-main-stick-meta":"","header-below-stick-meta":"","astra-migrate-meta-layouts":"default","ast-page-background-enabled":"default","ast-page-background-meta":{"desktop":{"background-color":"var(--ast-global-color-5)","background-image":"","background-repeat":"repeat","background-position":"center center","background-size":"auto","background-attachment":"scroll","background-type":"","background-media":"","overlay-type":"","overlay-color":"","overlay-opacity":"","overlay-gradient":""},"tablet":{"background-color":"","background-image":"","background-repeat":"repeat","background-position":"center center","background-size":"auto","background-attachment":"scroll","background-type":"","background-media":"","overlay-type":"","overlay-color":"","overlay-opacity":"","overlay-gradient":""},"mobile":{"background-color":"","background-image":"","background-repeat":"repeat","background-position":"center center","background-size":"auto","background-attachment":"scroll","background-type":"","background-media":"","overlay-type":"","overlay-color":"","overlay-opacity":"","overlay-gradient":""}},"ast-content-background-meta":{"desktop":{"background-color":"var(--ast-global-color-4)","background-image":"","background-repeat":"repeat","background-position":"center center","background-size":"auto","background-attachment":"scroll","background-type":"","background-media":"","overlay-type":"","overlay-color":"","overlay-opacity":"","overlay-gradient":""},"tablet":{"background-color":"var(--ast-global-color-4)","background-image":"","background-repeat":"repeat","background-position":"center center","background-size":"auto","background-attachment":"scroll","background-type":"","background-media":"","overlay-type":"","overlay-color":"","overlay-opacity":"","overlay-gradient":""},"mobile":{"background-color":"var(--ast-global-color-4)","background-image":"","background-repeat":"repeat","background-position":"center center","background-size":"auto","background-attachment":"scroll","background-type":"","background-media":"","overlay-type":"","overlay-color":"","overlay-opacity":"","overlay-gradient":""}},"_joinchat":[],"footnotes":""},"class_list":["post-228","page","type-page","status-publish","hentry"],"_links":{"self":[{"href":"https:\/\/ritaconference.org\/es\/wp-json\/wp\/v2\/pages\/228","targetHints":{"allow":["GET"]}}],"collection":[{"href":"https:\/\/ritaconference.org\/es\/wp-json\/wp\/v2\/pages"}],"about":[{"href":"https:\/\/ritaconference.org\/es\/wp-json\/wp\/v2\/types\/page"}],"author":[{"embeddable":true,"href":"https:\/\/ritaconference.org\/es\/wp-json\/wp\/v2\/users\/1"}],"replies":[{"embeddable":true,"href":"https:\/\/ritaconference.org\/es\/wp-json\/wp\/v2\/comments?post=228"}],"version-history":[{"count":4,"href":"https:\/\/ritaconference.org\/es\/wp-json\/wp\/v2\/pages\/228\/revisions"}],"predecessor-version":[{"id":232,"href":"https:\/\/ritaconference.org\/es\/wp-json\/wp\/v2\/pages\/228\/revisions\/232"}],"wp:attachment":[{"href":"https:\/\/ritaconference.org\/es\/wp-json\/wp\/v2\/media?parent=228"}],"curies":[{"name":"wp","href":"https:\/\/api.w.org\/{rel}","templated":true}]}}