{"id":202,"date":"2025-06-02T02:01:48","date_gmt":"2025-06-02T07:01:48","guid":{"rendered":"https:\/\/webs-ritaperu.fknola.easypanel.host\/?page_id=202"},"modified":"2025-09-02T09:25:33","modified_gmt":"2025-09-02T14:25:33","slug":"formulario-de-resumenes-2025","status":"publish","type":"page","link":"https:\/\/ritaconference.org\/es\/formulario-de-resumenes-2025\/","title":{"rendered":"Formulario de res\u00famenes 2025\u00a0"},"content":{"rendered":"\t\t<div data-elementor-type=\"wp-page\" data-elementor-id=\"202\" class=\"elementor elementor-202\" data-elementor-post-type=\"page\">\n\t\t\t\t<div class=\"elementor-element elementor-element-f529c18 e-flex e-con-boxed e-con e-parent\" data-id=\"f529c18\" data-element_type=\"container\" data-e-type=\"container\">\n\t\t\t\t\t<div class=\"e-con-inner\">\n\t\t\t\t<div class=\"elementor-element elementor-element-d2e08e3 elementor-widget elementor-widget-html\" data-id=\"d2e08e3\" data-element_type=\"widget\" data-e-type=\"widget\" data-widget_type=\"html.default\">\n\t\t\t\t<div class=\"elementor-widget-container\">\n\t\t\t\t\t<!-- Secci\u00f3n de Premios RITA -->\r\n<div class=\"rita-premios-container\">\r\n  <div class=\"rita-premios-header\">\r\n    <h2 class=\"rita-premios-title\">Instrucciones para el Env\u00edo de Res\u00famenes<\/h2>\r\n    <div class=\"rita-premios-divider\"><\/div>\r\n  <\/div>\r\n  \r\n  <!-- Secci\u00f3n de Deadline Destacada -->\r\n  <div class=\"rita-deadline-banner\">\r\n    <div class=\"rita-deadline-icon\">\r\n      <svg viewBox=\"0 0 24 24\" class=\"rita-clock-svg\">\r\n        <circle cx=\"12\" cy=\"12\" r=\"10\" fill=\"none\" stroke=\"#ffffff\" stroke-width=\"2\"\/>\r\n        <polyline points=\"12,6 12,12 16,14\" fill=\"none\" stroke=\"#ffffff\" stroke-width=\"2\" stroke-linecap=\"round\" stroke-linejoin=\"round\"\/>\r\n      <\/svg>\r\n    <\/div>\r\n    <div class=\"rita-deadline-content\">\r\n      <h3 class=\"rita-deadline-title\">\u00a1EL PERIODO DE POSTULACI\u00d3N HA FINALIZADO!<\/h3>\r\n      <p class=\"rita-deadline-text\">Gracias por su participaci\u00f3n. <strong><\/strong><\/p>\r\n    <\/div>\r\n    <div class=\"rita-deadline-pulse\"><\/div>\r\n  <\/div>\r\n  \r\n  <div class=\"rita-premios-content\">\r\n    <div class=\"rita-premios-section\">\r\n      <h3 class=\"rita-premios-subtitle elementor-heading-title\"> Requisitos Generales<\/h3>\r\n      <ul class=\"rita-premios-list\">\r\n        <li>Cada resumen enviado debe ser presentado de manera individual. Un autor puede enviar varios res\u00famenes, siempre y cuando los env\u00ede por separado.<\/li>\r\n        <li>El idioma de la presentaci\u00f3n del resumen puede ser ingl\u00e9s, espa\u00f1ol o portugu\u00e9s.<\/li>\r\n        <li>Al momento de la presentaci\u00f3n del resumen, el autor podr\u00e1 elegir si desea que su trabajo sea evaluado para presentaci\u00f3n en formato p\u00f3ster u oral; sin embargo, el comit\u00e9 cient\u00edfico comunicar\u00e1 la modalidad de presentaci\u00f3n aceptada.<\/li>\r\n        <li>Por favor, no env\u00eden res\u00famenes de proyectos, propuestas, revisiones bibliogr\u00e1ficas o trabajos previamente presentados en otros eventos cient\u00edficos; estos no ser\u00e1n considerados para su evaluaci\u00f3n.<\/li>\r\n        <li>Se sugiere que cada trabajo enviado para evaluaci\u00f3n sea revisado en cuanto a su redacci\u00f3n y estilo antes de su presentaci\u00f3n.<\/li>\r\n        <li>Recibir\u00e1 un correo electr\u00f3nico con la decisi\u00f3n de aceptaci\u00f3n dentro de 3 o 4 semanas despu\u00e9s de la fecha l\u00edmite de env\u00edo. Por favor, revise su bandeja de spam.<\/li>\r\n      <\/ul>\r\n    <\/div>\r\n\r\n    <div class=\"rita-premios-section\">\r\n      <h3 class=\"rita-premios-subtitle elementor-heading-title\">Estructura del Resumen<\/h3>\r\n      <ul class=\"rita-premios-list\">\r\n        <li>Cada resumen debe contener entre <strong>200 y 300 palabras<\/strong> (sin contar t\u00edtulo, autores o palabras clave).<\/li>\r\n        <li>La estructura del resumen debe incluir 5 secciones: <strong>Introducci\u00f3n, objetivo, materiales y m\u00e9todos, resultados y conclusiones<\/strong>.<\/li>\r\n        <li>El resumen no debe incluir referencias bibliogr\u00e1ficas, im\u00e1genes ni tablas.<\/li>\r\n        <li>Debe a\u00f1adirse hasta 5 palabras clave en el espacio destinado para ello.<\/li>\r\n        <li>Una vez enviado el trabajo, no se podr\u00e1n realizar modificaciones.<\/li>\r\n      <\/ul>\r\n    <\/div>\r\n\r\n    <div class=\"rita-premios-section\">\r\n      <h3 class=\"rita-premios-subtitle elementor-heading-title\">Temas<\/h3>\r\n      <p class=\"rita-premios-text-small\">Por favor, elija el tema de su trabajo. Si considera que su trabajo se ajusta a m\u00e1s de una categor\u00eda de esta lista a continuaci\u00f3n, puede seleccionar hasta 3 categor\u00edas en el formulario de inscripci\u00f3n.<\/p>\r\n      <ol class=\"rita-premios-numbered-list\">\r\n        <li>Patog\u00e9nesis de la rabia<\/li>\r\n        <li>Rabia canina: epidemiolog\u00eda, vigilancia, control y eliminaci\u00f3n<\/li>\r\n        <li>Rabia en otros animales dom\u00e9sticos: epidemiolog\u00eda, vigilancia y control<\/li>\r\n        <li>Rabia en murci\u00e9lagos: epidemiolog\u00eda, vigilancia, prevenci\u00f3n y control<\/li>\r\n        <li>Rabia en fauna silvestre terrestre: vectores, epidemiolog\u00eda, vigilancia y control<\/li>\r\n        <li>Diagn\u00f3stico y herramientas moleculares<\/li>\r\n        <li>Vacunas y antivirales<\/li>\r\n        <li>Rabia humana: PEP y PrEP (prevenci\u00f3n)<\/li>\r\n        <li>Rabia humana: vacunas y antivirales (tratamiento)<\/li>\r\n        <li>Otros<\/li>\r\n      <\/ol>\r\n    <\/div>\r\n\r\n    <div class=\"rita-premios-section\">\r\n      <h3 class=\"rita-premios-subtitle elementor-heading-title\">Evaluaci\u00f3n de Res\u00famenes Enviados<\/h3>\r\n      <p class=\"rita-premios-text-small\">Los res\u00famenes enviados ser\u00e1n evaluados por revisores asignados por el Comit\u00e9 Cient\u00edfico, quienes podr\u00e1n clasificarlos como aprobados, aprobados con modificaciones o rechazados.<\/p>\r\n      <p class=\"rita-premios-text-small\"><strong>Los criterios de evaluaci\u00f3n ser\u00e1n:<\/strong><\/p>\r\n      <ul class=\"rita-premios-list\">\r\n        <li>Relevancia e impacto del trabajo presentado<\/li>\r\n        <li>Originalidad<\/li>\r\n        <li>Rigor cient\u00edfico<\/li>\r\n        <li>Claridad de los objetivos, materiales y m\u00e9todos, y resultados<\/li>\r\n        <li>Estilo de redacci\u00f3n (ortograf\u00eda, gram\u00e1tica, sintaxis)<\/li>\r\n        <li>Cumplimiento de la estructura solicitada<\/li>\r\n      <\/ul>\r\n      <p class=\"rita-premios-text-small\">El comit\u00e9 cient\u00edfico se reserva el derecho de excluir de la evaluaci\u00f3n aquellos trabajos que no cumplan con las instrucciones anteriores.<\/p>\r\n      \r\n      <h3 class=\"rita-premios-subtitle elementor-heading-title\">Certificados para expositores<\/h3>\r\n      <p class=\"rita-premios-text-small\">Se emitir\u00e1 un certificado de presentaci\u00f3n \u00fanicamente para el autor inscrito en la conferencia que presente el trabajo en formato oral o cartel. El certificado ser\u00e1 emitido por v\u00eda electr\u00f3nica dentro de los 30 d\u00edas despu\u00e9s de la finalizaci\u00f3n del evento.<\/p>\r\n    <\/div>\r\n\r\n    <div class=\"rita-premios-decoration\">\r\n      <div class=\"rita-premio-icon\">\r\n        <svg viewBox=\"0 0 24 24\" class=\"rita-medal-svg\">\r\n          <path d=\"M12 15C8.7 15 6 12.3 6 9C6 5.7 8.7 3 12 3C15.3 3 18 5.7 18 9C18 12.3 15.3 15 12 15Z\" fill=\"none\" stroke=\"#c01c19\" stroke-width=\"2\" stroke-linecap=\"round\" stroke-linejoin=\"round\"\/>\r\n          <path d=\"M12 15L8.5 21H15.5L12 15Z\" fill=\"none\" stroke=\"#c01c19\" stroke-width=\"2\" stroke-linecap=\"round\" stroke-linejoin=\"round\"\/>\r\n          <circle cx=\"12\" cy=\"9\" r=\"3\" fill=\"none\" stroke=\"#d4a017\" stroke-width=\"2\" stroke-linecap=\"round\" stroke-linejoin=\"round\"\/>\r\n        <\/svg>\r\n      <\/div>\r\n    <\/div>\r\n  <\/div>\r\n  \r\n  <div class=\"rita-premios-paw paw-1\"><\/div>\r\n  <div class=\"rita-premios-paw paw-2\"><\/div>\r\n<\/div>\r\n\r\n<style>\r\n\/* Estilos espec\u00edficos para la secci\u00f3n de premios *\/\r\n.rita-premios-container {\r\n  font-family: 'Poppins', sans-serif;\r\n  max-width: 1000px;\r\n  margin: 0 auto;\r\n  padding: 40px 30px;\r\n  background-color: #ffffff;\r\n  border-radius: 12px;\r\n  box-shadow: 0 5px 20px rgba(0, 0, 0, 0.08);\r\n  position: relative;\r\n  overflow: hidden;\r\n}\r\n\r\n.rita-premios-header {\r\n  text-align: left;\r\n  margin-bottom: 30px;\r\n  position: relative;\r\n}\r\n\r\n.rita-premios-title {\r\n  color: #023e8a !important;\r\n  font-size: 42px;\r\n  font-weight: 700;\r\n  margin: 0 0 15px 0;\r\n  letter-spacing: -0.5px;\r\n  position: relative;\r\n  display: inline-block;\r\n}\r\n\r\n.rita-premios-divider {\r\n  height: 4px;\r\n  width: 80px;\r\n  background: linear-gradient(to right, #c01c19, #d4a017);\r\n  margin: 0 0 30px 0;\r\n  border-radius: 2px;\r\n}\r\n\r\n\/* Estilos para el banner de deadline *\/\r\n.rita-deadline-banner {\r\n  background: linear-gradient(135deg, #c01c19 0%, #d4a017 100%);\r\n  border-radius: 15px;\r\n  padding: 25px 30px;\r\n  margin-bottom: 35px;\r\n  display: flex;\r\n  align-items: center;\r\n  position: relative;\r\n  overflow: hidden;\r\n  box-shadow: 0 8px 25px rgba(192, 28, 25, 0.3);\r\n  animation: pulseGlow 3s ease-in-out infinite;\r\n}\r\n\r\n.rita-deadline-icon {\r\n  width: 60px;\r\n  height: 60px;\r\n  margin-right: 20px;\r\n  flex-shrink: 0;\r\n}\r\n\r\n.rita-clock-svg {\r\n  width: 100%;\r\n  height: 100%;\r\n  animation: tickTock 2s ease-in-out infinite;\r\n}\r\n\r\n.rita-deadline-content {\r\n  flex: 1;\r\n}\r\n\r\n.rita-deadline-title {\r\n  color: #ffffff !important;\r\n  font-size: 24px;\r\n  font-weight: 700;\r\n  margin: 0 0 8px 0;\r\n  text-shadow: 0 2px 4px rgba(0, 0, 0, 0.2);\r\n}\r\n\r\n.rita-deadline-text {\r\n  color: #ffffff;\r\n  font-size: 22px; \/* Aumentado de 18px a 22px *\/\r\n  font-weight: 600; \/* Aumentado de 500 a 600 *\/\r\n  margin: 0;\r\n  text-shadow: 0 1px 2px rgba(0, 0, 0, 0.1);\r\n}\r\n\r\n.rita-deadline-pulse {\r\n  position: absolute;\r\n  top: -50%;\r\n  right: -50%;\r\n  width: 100%;\r\n  height: 200%;\r\n  background: linear-gradient(45deg, transparent, rgba(255, 255, 255, 0.1), transparent);\r\n  animation: sweep 3s ease-in-out infinite;\r\n}\r\n\r\n@keyframes pulseGlow {\r\n  0%, 100% {\r\n    box-shadow: 0 8px 25px rgba(192, 28, 25, 0.3);\r\n  }\r\n  50% {\r\n    box-shadow: 0 8px 35px rgba(192, 28, 25, 0.5);\r\n  }\r\n}\r\n\r\n@keyframes tickTock {\r\n  0%, 100% {\r\n    transform: rotate(0deg);\r\n  }\r\n  25% {\r\n    transform: rotate(5deg);\r\n  }\r\n  75% {\r\n    transform: rotate(-5deg);\r\n  }\r\n}\r\n\r\n@keyframes sweep {\r\n  0% {\r\n    transform: translateX(-100%) rotate(45deg);\r\n  }\r\n  100% {\r\n    transform: translateX(100%) rotate(45deg);\r\n  }\r\n}\r\n\r\n.rita-premios-content {\r\n  display: flex;\r\n  flex-direction: column;\r\n  align-items: flex-start;\r\n  position: relative;\r\n}\r\n\r\n.rita-premios-section {\r\n  margin-bottom: 30px;\r\n  width: 100%;\r\n}\r\n\r\n.rita-premios-subtitle {\r\n  color: #c01c19 !important;\r\n  font-size: 24px;\r\n  font-weight: 600;\r\n  margin: 0 0 15px 0;\r\n  position: relative;\r\n}\r\n\r\n.rita-premios-text {\r\n  color: #333333;\r\n  font-size: 18px;\r\n  line-height: 1.6;\r\n  margin-bottom: 35px;\r\n  max-width: 800px;\r\n}\r\n\r\n.rita-premios-text-small {\r\n  color: #333333;\r\n  font-size: 16px;\r\n  line-height: 1.5;\r\n  margin-bottom: 15px;\r\n}\r\n\r\n.rita-premios-list {\r\n  list-style-type: none;\r\n  padding-left: 0;\r\n  margin-bottom: 20px;\r\n}\r\n\r\n.rita-premios-list li {\r\n  color: #333333;\r\n  font-size: 16px;\r\n  line-height: 1.5;\r\n  margin-bottom: 10px;\r\n  padding-left: 25px;\r\n  position: relative;\r\n}\r\n\r\n.rita-premios-list li::before {\r\n  content: \"\";\r\n  width: 10px;\r\n  height: 10px;\r\n  background-color: #d4a017;\r\n  border-radius: 50%;\r\n  position: absolute;\r\n  left: 0;\r\n  top: 8px;\r\n}\r\n\r\n\/* Destacar la fecha l\u00edmite en la lista *\/\r\n.rita-premios-list li.deadline-highlight {\r\n  background: linear-gradient(90deg, rgba(192, 28, 25, 0.05), rgba(212, 160, 23, 0.05));\r\n  border-left: 4px solid #c01c19;\r\n  padding: 15px 15px 15px 25px;\r\n  margin: 15px 0;\r\n  border-radius: 8px;\r\n  font-weight: 600;\r\n  position: relative;\r\n}\r\n\r\n.rita-premios-list li.deadline-highlight::before {\r\n  background-color: #c01c19;\r\n  width: 12px;\r\n  height: 12px;\r\n  top: 20px;\r\n  left: 8px;\r\n  animation: pulse 2s ease-in-out infinite;\r\n}\r\n\r\n@keyframes pulse {\r\n  0%, 100% {\r\n    transform: scale(1);\r\n    opacity: 1;\r\n  }\r\n  50% {\r\n    transform: scale(1.2);\r\n    opacity: 0.7;\r\n  }\r\n}\r\n\r\n.rita-premios-numbered-list {\r\n  padding-left: 20px;\r\n  margin-bottom: 20px;\r\n}\r\n\r\n.rita-premios-numbered-list li {\r\n  color: #333333;\r\n  font-size: 16px;\r\n  line-height: 1.5;\r\n  margin-bottom: 6px;\r\n}\r\n\r\n.rita-premios-decoration {\r\n  position: absolute;\r\n  top: -15px;\r\n  right: 0;\r\n  opacity: 0.08;\r\n  transform: rotate(10deg);\r\n  z-index: 0;\r\n}\r\n\r\n.rita-premio-icon {\r\n  width: 180px;\r\n  height: 180px;\r\n}\r\n\r\n.rita-medal-svg {\r\n  width: 100%;\r\n  height: 100%;\r\n}\r\n\r\n.rita-premios-paw {\r\n  position: absolute;\r\n  width: 40px;\r\n  height: 40px;\r\n  opacity: 0.1;\r\n  background-image: url(\"data:image\/svg+xml,%3Csvg xmlns='http:\/\/www.w3.org\/2000\/svg' viewBox='0 0 512 512'%3E%3Cpath fill='%23c01c19' d='M226.5 92.9c14.3 42.9-.3 86.2-32.6 96.8s-70.1-15.6-84.4-58.5s.3-86.2 32.6-96.8s70.1 15.6 84.4 58.5zM100.4 198.6c18.9 32.4 14.3 70.1-10.2 84.1s-59.7-.9-78.5-33.3S-2.7 179.3 21.8 165.3s59.7 .9 78.5 33.3zM69.2 401.2C121.6 259.9 214.7 224 256 224s134.4 35.9 186.8 177.2c3.6 9.7 5.2 20.1 5.2 30.5v1.6c0 25.8-20.9 46.7-46.7 46.7c-11.5 0-22.9-1.4-34-4.2l-88-22c-15.3-3.8-31.3-3.8-46.6 0l-88 22c-11.1 2.8-22.5 4.2-34 4.2C84.9 480 64 459.1 64 433.3v-1.6c0-10.4 1.6-20.8 5.2-30.5zM421.8 282.7c-24.5-14-29.1-51.7-10.2-84.1s54-47.3 78.5-33.3s29.1 51.7 10.2 84.1s-54 47.3-78.5 33.3zM310.1 189.7c-32.3-10.6-46.9-53.9-32.6-96.8s52.1-69.1 84.4-58.5s46.9 53.9 32.6 96.8s-52.1 69.1-84.4 58.5z'\/%3E%3C\/svg%3E\");\r\n  background-size: contain;\r\n  background-repeat: no-repeat;\r\n  z-index: 0;\r\n}\r\n\r\n.paw-1 {\r\n  bottom: 20px;\r\n  right: 30px;\r\n  transform: rotate(15deg);\r\n}\r\n\r\n.paw-2 {\r\n  top: 30px;\r\n  right: 180px;\r\n  transform: rotate(-10deg);\r\n}\r\n\r\n\/* Responsive *\/\r\n@media (max-width: 768px) {\r\n  .rita-premios-container {\r\n    padding: 30px 20px;\r\n  }\r\n  \r\n  .rita-premios-title {\r\n    font-size: 36px;\r\n  }\r\n  \r\n  .rita-premios-subtitle {\r\n    font-size: 22px;\r\n  }\r\n  \r\n  .rita-premios-text {\r\n    font-size: 16px;\r\n  }\r\n  \r\n  .rita-premios-text-small {\r\n    font-size: 15px;\r\n  }\r\n  \r\n  .rita-premio-icon {\r\n    width: 140px;\r\n    height: 140px;\r\n  }\r\n  \r\n  .rita-deadline-banner {\r\n    padding: 20px 25px;\r\n    flex-direction: column;\r\n    text-align: center;\r\n  }\r\n  \r\n  .rita-deadline-icon {\r\n    margin-right: 0;\r\n    margin-bottom: 15px;\r\n    width: 50px;\r\n    height: 50px;\r\n  }\r\n  \r\n  .rita-deadline-title {\r\n    font-size: 22px;\r\n  }\r\n  \r\n  .rita-deadline-text {\r\n    font-size: 20px; \/* Aumentado de 16px a 20px para m\u00f3viles *\/\r\n  }\r\n}\r\n\r\n@media (max-width: 480px) {\r\n  .rita-premios-container {\r\n    padding: 25px 15px;\r\n  }\r\n  \r\n  .rita-premios-title {\r\n    font-size: 32px;\r\n  }\r\n  \r\n  .rita-premios-subtitle {\r\n    font-size: 20px;\r\n  }\r\n  \r\n  .rita-premios-text {\r\n    font-size: 15px;\r\n  }\r\n  \r\n  .rita-premios-text-small {\r\n    font-size: 14px;\r\n  }\r\n  \r\n  .rita-premios-list li {\r\n    font-size: 14px;\r\n  }\r\n  \r\n  .rita-premios-numbered-list li {\r\n    font-size: 14px;\r\n  }\r\n  \r\n  .rita-premio-icon {\r\n    width: 100px;\r\n    height: 100px;\r\n  }\r\n  \r\n  .rita-deadline-banner {\r\n    padding: 18px 20px;\r\n  }\r\n  \r\n  .rita-deadline-title {\r\n    font-size: 20px;\r\n  }\r\n  \r\n  .rita-deadline-text {\r\n    font-size: 18px; \/* Aumentado de 15px a 18px para m\u00f3viles peque\u00f1os *\/\r\n  }\r\n  \r\n  .rita-deadline-icon {\r\n    width: 45px;\r\n    height: 45px;\r\n  }\r\n}\r\n<\/style>\t\t\t\t<\/div>\n\t\t\t\t<\/div>\n\t\t\t\t\t<\/div>\n\t\t\t\t<\/div>\n\t\t\t\t<\/div>\n\t\t","protected":false},"excerpt":{"rendered":"<p>Instrucciones para el Env\u00edo de Res\u00famenes \u00a1EL PERIODO DE POSTULACI\u00d3N HA FINALIZADO! Gracias por su participaci\u00f3n. Requisitos Generales Cada resumen [&hellip;]<\/p>\n","protected":false},"author":1,"featured_media":0,"parent":0,"menu_order":0,"comment_status":"closed","ping_status":"closed","template":"","meta":{"site-sidebar-layout":"no-sidebar","site-content-layout":"","ast-site-content-layout":"full-width-container","site-content-style":"default","site-sidebar-style":"default","ast-global-header-display":"","ast-banner-title-visibility":"","ast-main-header-display":"","ast-hfb-above-header-display":"","ast-hfb-below-header-display":"","ast-hfb-mobile-header-display":"","site-post-title":"disabled","ast-breadcrumbs-content":"","ast-featured-img":"disabled","footer-sml-layout":"","ast-disable-related-posts":"","theme-transparent-header-meta":"","adv-header-id-meta":"","stick-header-meta":"","header-above-stick-meta":"","header-main-stick-meta":"","header-below-stick-meta":"","astra-migrate-meta-layouts":"default","ast-page-background-enabled":"default","ast-page-background-meta":{"desktop":{"background-color":"var(--ast-global-color-5)","background-image":"","background-repeat":"repeat","background-position":"center center","background-size":"auto","background-attachment":"scroll","background-type":"","background-media":"","overlay-type":"","overlay-color":"","overlay-opacity":"","overlay-gradient":""},"tablet":{"background-color":"","background-image":"","background-repeat":"repeat","background-position":"center center","background-size":"auto","background-attachment":"scroll","background-type":"","background-media":"","overlay-type":"","overlay-color":"","overlay-opacity":"","overlay-gradient":""},"mobile":{"background-color":"","background-image":"","background-repeat":"repeat","background-position":"center center","background-size":"auto","background-attachment":"scroll","background-type":"","background-media":"","overlay-type":"","overlay-color":"","overlay-opacity":"","overlay-gradient":""}},"ast-content-background-meta":{"desktop":{"background-color":"var(--ast-global-color-4)","background-image":"","background-repeat":"repeat","background-position":"center center","background-size":"auto","background-attachment":"scroll","background-type":"","background-media":"","overlay-type":"","overlay-color":"","overlay-opacity":"","overlay-gradient":""},"tablet":{"background-color":"var(--ast-global-color-4)","background-image":"","background-repeat":"repeat","background-position":"center center","background-size":"auto","background-attachment":"scroll","background-type":"","background-media":"","overlay-type":"","overlay-color":"","overlay-opacity":"","overlay-gradient":""},"mobile":{"background-color":"var(--ast-global-color-4)","background-image":"","background-repeat":"repeat","background-position":"center center","background-size":"auto","background-attachment":"scroll","background-type":"","background-media":"","overlay-type":"","overlay-color":"","overlay-opacity":"","overlay-gradient":""}},"_joinchat":[],"footnotes":""},"class_list":["post-202","page","type-page","status-publish","hentry"],"_links":{"self":[{"href":"https:\/\/ritaconference.org\/es\/wp-json\/wp\/v2\/pages\/202","targetHints":{"allow":["GET"]}}],"collection":[{"href":"https:\/\/ritaconference.org\/es\/wp-json\/wp\/v2\/pages"}],"about":[{"href":"https:\/\/ritaconference.org\/es\/wp-json\/wp\/v2\/types\/page"}],"author":[{"embeddable":true,"href":"https:\/\/ritaconference.org\/es\/wp-json\/wp\/v2\/users\/1"}],"replies":[{"embeddable":true,"href":"https:\/\/ritaconference.org\/es\/wp-json\/wp\/v2\/comments?post=202"}],"version-history":[{"count":37,"href":"https:\/\/ritaconference.org\/es\/wp-json\/wp\/v2\/pages\/202\/revisions"}],"predecessor-version":[{"id":1174,"href":"https:\/\/ritaconference.org\/es\/wp-json\/wp\/v2\/pages\/202\/revisions\/1174"}],"wp:attachment":[{"href":"https:\/\/ritaconference.org\/es\/wp-json\/wp\/v2\/media?parent=202"}],"curies":[{"name":"wp","href":"https:\/\/api.w.org\/{rel}","templated":true}]}}