{"id":185,"date":"2025-06-02T01:45:59","date_gmt":"2025-06-02T06:45:59","guid":{"rendered":"https:\/\/webs-ritaperu.fknola.easypanel.host\/?page_id=185"},"modified":"2025-06-12T17:05:06","modified_gmt":"2025-06-12T22:05:06","slug":"certificados","status":"publish","type":"page","link":"https:\/\/ritaconference.org\/es\/certificados\/","title":{"rendered":"Certificados"},"content":{"rendered":"\t\t<div data-elementor-type=\"wp-page\" data-elementor-id=\"185\" class=\"elementor elementor-185\" data-elementor-post-type=\"page\">\n\t\t\t\t<div class=\"elementor-element elementor-element-7fc50bb e-flex e-con-boxed e-con e-parent\" data-id=\"7fc50bb\" data-element_type=\"container\" data-e-type=\"container\">\n\t\t\t\t\t<div class=\"e-con-inner\">\n\t\t\t\t<div class=\"elementor-element elementor-element-2316746 elementor-widget elementor-widget-text-editor\" data-id=\"2316746\" data-element_type=\"widget\" data-e-type=\"widget\" data-widget_type=\"text-editor.default\">\n\t\t\t\t<div class=\"elementor-widget-container\">\n\t\t\t\t\t\t\t\t\t<p><span style=\"color: #c01c19;\"><strong>Certificados para los asistentes<\/strong><\/span><\/p><p><span style=\"font-weight: 400;\">Se emitir\u00e1 un certificado de asistencia a los asistentes dentro de los 30 d\u00edas de finalizado el evento por v\u00eda electr\u00f3nica.<\/span><\/p><p><span style=\"color: #c01c19;\"><strong>Certificados para expositores<\/strong><\/span><\/p><p>Se emitir\u00e1 un certificado de presentaci\u00f3n \u00fanicamente para el autor inscrito en la conferencia que presente el trabajo en formato oral o cartel. El certificado ser\u00e1 emitido por v\u00eda electr\u00f3nica dentro de los 30 d\u00edas despu\u00e9s de la finalizaci\u00f3n del evento.<\/p><p><span style=\"color: #c01c19;\"><b>Certificados para moderadores<\/b><\/span><\/p><p><span style=\"font-weight: 400;\">Se emitir\u00e1 un certificado de moderaci\u00f3n para los asistentes invitados a moderar algunas de las mesas redondas o sesiones de presentaci\u00f3n oral. El certificado ser\u00e1 emitido por v\u00eda electr\u00f3nica dentro de los 30 d\u00edas despu\u00e9s de la finalizaci\u00f3n del evento.\u00a0 <\/span><span style=\"font-weight: 400;\"><br \/><\/span><span style=\"font-weight: 400;\"><br \/><\/span><span style=\"color: #c01c19;\"><strong>Importante:<\/strong><\/span><span style=\"font-weight: 400;\"> Los co-autores de los trabajos presentados no recibir\u00e1n certificado. El certificado de expositor solo incluye el nombre de quien se haya registrado y haya presentado el trabajo. Los nombres de todos los co-autores s\u00ed aparecer\u00e1n en el libro de res\u00famenes que se publicar\u00e1 despu\u00e9s del evento, siempre que hayan sido incluidos correctamente al momento de enviar el resumen.<\/span><\/p>\t\t\t\t\t\t\t\t<\/div>\n\t\t\t\t<\/div>\n\t\t\t\t\t<\/div>\n\t\t\t\t<\/div>\n\t\t\t\t<\/div>\n\t\t","protected":false},"excerpt":{"rendered":"<p>Certificados para los asistentes Se emitir\u00e1 un certificado de asistencia a los asistentes dentro de los 30 d\u00edas de finalizado [&hellip;]<\/p>\n","protected":false},"author":1,"featured_media":0,"parent":0,"menu_order":0,"comment_status":"closed","ping_status":"closed","template":"","meta":{"site-sidebar-layout":"no-sidebar","site-content-layout":"","ast-site-content-layout":"full-width-container","site-content-style":"default","site-sidebar-style":"default","ast-global-header-display":"","ast-banner-title-visibility":"","ast-main-header-display":"","ast-hfb-above-header-display":"","ast-hfb-below-header-display":"","ast-hfb-mobile-header-display":"","site-post-title":"disabled","ast-breadcrumbs-content":"","ast-featured-img":"disabled","footer-sml-layout":"","ast-disable-related-posts":"","theme-transparent-header-meta":"","adv-header-id-meta":"","stick-header-meta":"","header-above-stick-meta":"","header-main-stick-meta":"","header-below-stick-meta":"","astra-migrate-meta-layouts":"default","ast-page-background-enabled":"default","ast-page-background-meta":{"desktop":{"background-color":"var(--ast-global-color-5)","background-image":"","background-repeat":"repeat","background-position":"center center","background-size":"auto","background-attachment":"scroll","background-type":"","background-media":"","overlay-type":"","overlay-color":"","overlay-opacity":"","overlay-gradient":""},"tablet":{"background-color":"","background-image":"","background-repeat":"repeat","background-position":"center center","background-size":"auto","background-attachment":"scroll","background-type":"","background-media":"","overlay-type":"","overlay-color":"","overlay-opacity":"","overlay-gradient":""},"mobile":{"background-color":"","background-image":"","background-repeat":"repeat","background-position":"center center","background-size":"auto","background-attachment":"scroll","background-type":"","background-media":"","overlay-type":"","overlay-color":"","overlay-opacity":"","overlay-gradient":""}},"ast-content-background-meta":{"desktop":{"background-color":"var(--ast-global-color-4)","background-image":"","background-repeat":"repeat","background-position":"center center","background-size":"auto","background-attachment":"scroll","background-type":"","background-media":"","overlay-type":"","overlay-color":"","overlay-opacity":"","overlay-gradient":""},"tablet":{"background-color":"var(--ast-global-color-4)","background-image":"","background-repeat":"repeat","background-position":"center center","background-size":"auto","background-attachment":"scroll","background-type":"","background-media":"","overlay-type":"","overlay-color":"","overlay-opacity":"","overlay-gradient":""},"mobile":{"background-color":"var(--ast-global-color-4)","background-image":"","background-repeat":"repeat","background-position":"center center","background-size":"auto","background-attachment":"scroll","background-type":"","background-media":"","overlay-type":"","overlay-color":"","overlay-opacity":"","overlay-gradient":""}},"_joinchat":[],"footnotes":""},"class_list":["post-185","page","type-page","status-publish","hentry"],"_links":{"self":[{"href":"https:\/\/ritaconference.org\/es\/wp-json\/wp\/v2\/pages\/185","targetHints":{"allow":["GET"]}}],"collection":[{"href":"https:\/\/ritaconference.org\/es\/wp-json\/wp\/v2\/pages"}],"about":[{"href":"https:\/\/ritaconference.org\/es\/wp-json\/wp\/v2\/types\/page"}],"author":[{"embeddable":true,"href":"https:\/\/ritaconference.org\/es\/wp-json\/wp\/v2\/users\/1"}],"replies":[{"embeddable":true,"href":"https:\/\/ritaconference.org\/es\/wp-json\/wp\/v2\/comments?post=185"}],"version-history":[{"count":13,"href":"https:\/\/ritaconference.org\/es\/wp-json\/wp\/v2\/pages\/185\/revisions"}],"predecessor-version":[{"id":540,"href":"https:\/\/ritaconference.org\/es\/wp-json\/wp\/v2\/pages\/185\/revisions\/540"}],"wp:attachment":[{"href":"https:\/\/ritaconference.org\/es\/wp-json\/wp\/v2\/media?parent=185"}],"curies":[{"name":"wp","href":"https:\/\/api.w.org\/{rel}","templated":true}]}}