{"id":1486,"date":"2025-10-10T15:42:16","date_gmt":"2025-10-10T20:42:16","guid":{"rendered":"https:\/\/ritaconference.org\/?page_id=1486"},"modified":"2025-10-10T17:39:47","modified_gmt":"2025-10-10T22:39:47","slug":"formulario-virtual","status":"publish","type":"page","link":"https:\/\/ritaconference.org\/es\/formulario-virtual\/","title":{"rendered":"Formulario virtual"},"content":{"rendered":"\t\t<div data-elementor-type=\"wp-page\" data-elementor-id=\"1486\" class=\"elementor elementor-1486\" data-elementor-post-type=\"page\">\n\t\t\t\t<div class=\"elementor-element elementor-element-6be47db e-flex e-con-boxed e-con e-parent\" data-id=\"6be47db\" data-element_type=\"container\" data-e-type=\"container\">\n\t\t\t\t\t<div class=\"e-con-inner\">\n\t\t\t\t<div class=\"elementor-element elementor-element-4fa2797 elementor-widget elementor-widget-heading\" data-id=\"4fa2797\" data-element_type=\"widget\" data-e-type=\"widget\" data-widget_type=\"heading.default\">\n\t\t\t\t<div class=\"elementor-widget-container\">\n\t\t\t\t\t<h2 class=\"elementor-heading-title elementor-size-default\">FORMULARIO DE INSCRIPCI\u00d3N - RITA 2025 VIRTUAL<\/h2>\t\t\t\t<\/div>\n\t\t\t\t<\/div>\n\t\t\t\t<div class=\"elementor-element elementor-element-f5ee07a elementor-widget elementor-widget-text-editor\" data-id=\"f5ee07a\" data-element_type=\"widget\" data-e-type=\"widget\" data-widget_type=\"text-editor.default\">\n\t\t\t\t<div class=\"elementor-widget-container\">\n\t\t\t\t\t\t\t\t\t<p><strong>Tener en cuanta que el llenado de este formulario no garantiza su participaci\u00f3n, hasta que se efectu\u00e9 el pago correspondiente a su inscripci\u00f3n<\/strong><\/p>\t\t\t\t\t\t\t\t<\/div>\n\t\t\t\t<\/div>\n\t\t\t\t\t<\/div>\n\t\t\t\t<\/div>\n\t\t<div class=\"elementor-element elementor-element-e850acd e-flex e-con-boxed e-con e-parent\" data-id=\"e850acd\" data-element_type=\"container\" data-e-type=\"container\">\n\t\t\t\t\t<div class=\"e-con-inner\">\n\t\t\t\t<div class=\"elementor-element elementor-element-54ed1fe elementor-widget elementor-widget-shortcode\" data-id=\"54ed1fe\" data-element_type=\"widget\" data-e-type=\"widget\" data-widget_type=\"shortcode.default\">\n\t\t\t\t<div class=\"elementor-widget-container\">\n\t\t\t\t\t\t\t<div class=\"elementor-shortcode\"><div class=\"frm_forms  with_frm_style frm_style_rita\" id=\"frm_form_6_container\" data-token=\"e92c7ed41ec7354571e875dc7866d932\">\n<form enctype=\"multipart\/form-data\" method=\"post\" class=\"frm-show-form  frm_pro_form \" id=\"form_rita-20252222\" data-token=\"e92c7ed41ec7354571e875dc7866d932\">\n<div class=\"frm_form_fields \">\n<fieldset>\n<legend class=\"frm_screen_reader\">Inscripci\u00f3n Virtual<\/legend>\r\n\r\n<div class=\"frm_fields_container\">\n<input type=\"hidden\" name=\"frm_action\" value=\"create\" \/>\n<input type=\"hidden\" name=\"form_id\" value=\"6\" \/>\n<input type=\"hidden\" name=\"frm_hide_fields_6\" id=\"frm_hide_fields_6\" value=\"\" \/>\n<input type=\"hidden\" name=\"form_key\" value=\"rita-20252222\" \/>\n<input type=\"hidden\" name=\"item_meta[0]\" value=\"\" \/>\n<input type=\"hidden\" id=\"frm_submit_entry_6\" name=\"frm_submit_entry_6\" value=\"7aa7193713\" \/><input type=\"hidden\" name=\"_wp_http_referer\" value=\"\/es\/wp-json\/wp\/v2\/pages\/1486\" \/><div id=\"frm_field_144_container\" class=\"frm_form_field form-field  frm_required_field frm_top_container\">\r\n\t<label for=\"field_6jic333\" id=\"field_6jic333_label\" class=\"frm_primary_label\">Apellidos\r\n\t\t<span class=\"frm_required\" aria-hidden=\"true\">*<\/span>\r\n\t<\/label>\r\n\t<input  type=\"text\" id=\"field_6jic333\" name=\"item_meta[144]\" value=\"\"  data-reqmsg=\"Apellidos cannot be blank.\" aria-required=\"true\" data-invmsg=\"Apellidos is invalid\" aria-invalid=\"false\"   \/>\r\n\t\r\n\t\r\n<\/div>\n<div id=\"frm_field_145_container\" class=\"frm_form_field form-field  frm_required_field frm_top_container\">\r\n\t<label for=\"field_xbnrz33\" id=\"field_xbnrz33_label\" class=\"frm_primary_label\">Nombres \r\n\t\t<span class=\"frm_required\" aria-hidden=\"true\">*<\/span>\r\n\t<\/label>\r\n\t<input  type=\"text\" id=\"field_xbnrz33\" name=\"item_meta[145]\" value=\"\"  data-reqmsg=\"Nombres  cannot be blank.\" aria-required=\"true\" data-invmsg=\"Nombres  is invalid\" aria-invalid=\"false\"   \/>\r\n\t\r\n\t\r\n<\/div>\n<div id=\"frm_field_146_container\" class=\"frm_form_field form-field  frm_required_field frm_top_container\">\r\n\t<label for=\"field_2c6zz33\" id=\"field_2c6zz33_label\" class=\"frm_primary_label\">Nombre completo como prefiere que figure en el certificado\r\n\t\t<span class=\"frm_required\" aria-hidden=\"true\">*<\/span>\r\n\t<\/label>\r\n\t<input  type=\"text\" id=\"field_2c6zz33\" name=\"item_meta[146]\" value=\"\"  data-reqmsg=\"Nombre completo como prefiere que figure en el certificado cannot be blank.\" aria-required=\"true\" data-invmsg=\"Nombre completo como prefiere que figure en el certificado is invalid\" aria-invalid=\"false\"   \/>\r\n\t\r\n\t\r\n<\/div>\n<div id=\"frm_field_149_container\" class=\"frm_form_field form-field  frm_required_field frm_top_container\">\r\n\t<label for=\"field_3nqht33\" id=\"field_3nqht33_label\" class=\"frm_primary_label\">Correo electr\u00f3nico\r\n\t\t<span class=\"frm_required\" aria-hidden=\"true\">*<\/span>\r\n\t<\/label>\r\n\t<input type=\"email\" id=\"field_3nqht33\" name=\"item_meta[149]\" value=\"\"  autocomplete=\"email\"  data-reqmsg=\"Correo electr\u00f3nico cannot be blank.\" aria-required=\"true\" data-invmsg=\"Correo electr\u00f3nico is invalid\" aria-invalid=\"false\"  \/>\r\n\t\r\n\t\r\n<\/div>\n<div id=\"frm_field_150_container\" class=\"frm_form_field form-field  frm_required_field frm_top_container\">\r\n\t<label for=\"field_d52f92\" id=\"field_d52f92_label\" class=\"frm_primary_label\">Edad\r\n\t\t<span class=\"frm_required\" aria-hidden=\"true\">*<\/span>\r\n\t<\/label>\r\n\t<input  type=\"text\" id=\"field_d52f92\" name=\"item_meta[150]\" value=\"\"  data-reqmsg=\"Edad no puede estar en blanco.\" aria-required=\"true\" data-invmsg=\"Edad no es v\u00e1lido\" aria-invalid=\"false\"   \/>\r\n\t\r\n\t\r\n<\/div>\n<div id=\"frm_field_151_container\" class=\"frm_form_field form-field  frm_required_field frm_top_container\">\r\n\t<label for=\"field_wxpus2\" id=\"field_wxpus2_label\" class=\"frm_primary_label\">Sexo\r\n\t\t<span class=\"frm_required\" aria-hidden=\"true\">*<\/span>\r\n\t<\/label>\r\n\t<input  type=\"text\" id=\"field_wxpus2\" name=\"item_meta[151]\" value=\"\"  data-reqmsg=\"Sexo no puede estar en blanco.\" aria-required=\"true\" data-invmsg=\"Sexo no es v\u00e1lido\" aria-invalid=\"false\"   \/>\r\n\t\r\n\t\r\n<\/div>\n<div id=\"frm_field_152_container\" class=\"frm_form_field form-field  frm_required_field frm_top_container\">\r\n\t<label for=\"field_cruqm33\" id=\"field_cruqm33_label\" class=\"frm_primary_label\">Celular de contacto (incluir prefijo internacional) \r\n\t\t<span class=\"frm_required\" aria-hidden=\"true\">*<\/span>\r\n\t<\/label>\r\n\t<input type=\"tel\" id=\"field_cruqm33\" name=\"item_meta[152]\" value=\"\"  data-reqmsg=\"Celular de contacto (incluir prefijo internacional)  cannot be blank.\" aria-required=\"true\" data-invmsg=\"Celular de contacto (incluir prefijo internacional)  is invalid\" aria-invalid=\"false\" pattern=\"((\\+\\d{1,3}(-|.| )?\\(?\\d\\)?(-| |.)?\\d{1,5})|(\\(?\\d{2,6}\\)?))(-|.| )?(\\d{3,4})(-|.| )?(\\d{4})(( x| ext)\\d{1,5}){0,1}$\"  \/>\r\n\t\r\n\t\r\n<\/div>\n<div id=\"frm_field_153_container\" class=\"frm_form_field form-field  frm_required_field frm_top_container\">\r\n\t<label for=\"field_19wok33\" id=\"field_19wok33_label\" class=\"frm_primary_label\">Nacionalidad\r\n\t\t<span class=\"frm_required\" aria-hidden=\"true\">*<\/span>\r\n\t<\/label>\r\n\t\t\t<select name=\"item_meta[153]\" id=\"field_19wok33\"  data-reqmsg=\"Nacionalidad cannot be blank.\" aria-required=\"true\" data-invmsg=\"Nacionalidad is invalid\" aria-invalid=\"false\"  >\n\t\t<option  value=\"Afghanistan\">Afghanistan<\/option><option  value=\"Aland Islands\">Aland Islands<\/option><option  value=\"Albania\">Albania<\/option><option  value=\"Algeria\">Algeria<\/option><option  value=\"American Samoa\">American Samoa<\/option><option  value=\"Andorra\">Andorra<\/option><option  value=\"Angola\">Angola<\/option><option  value=\"Anguilla\">Anguilla<\/option><option  value=\"Antarctica\">Antarctica<\/option><option  value=\"Antigua and Barbuda\">Antigua and Barbuda<\/option><option  value=\"Argentina\">Argentina<\/option><option  value=\"Armenia\">Armenia<\/option><option  value=\"Aruba\">Aruba<\/option><option  value=\"Australia\">Australia<\/option><option  value=\"Austria\">Austria<\/option><option  value=\"Azerbaijan\">Azerbaijan<\/option><option  value=\"Bahamas\">Bahamas<\/option><option  value=\"Bahrain\">Bahrain<\/option><option  value=\"Bangladesh\">Bangladesh<\/option><option  value=\"Barbados\">Barbados<\/option><option  value=\"Belarus\">Belarus<\/option><option  value=\"Belgium\">Belgium<\/option><option  value=\"Belize\">Belize<\/option><option  value=\"Benin\">Benin<\/option><option  value=\"Bermuda\">Bermuda<\/option><option  value=\"Bhutan\">Bhutan<\/option><option  value=\"Bolivia\">Bolivia<\/option><option  value=\"Bonaire, Sint Eustatius and Saba\">Bonaire, Sint Eustatius and Saba<\/option><option  value=\"Bosnia and Herzegovina\">Bosnia and Herzegovina<\/option><option  value=\"Botswana\">Botswana<\/option><option  value=\"Bouvet Island\">Bouvet Island<\/option><option  value=\"Brazil\">Brazil<\/option><option  value=\"British Indian Ocean Territory\">British Indian Ocean Territory<\/option><option  value=\"Brunei\">Brunei<\/option><option  value=\"Bulgaria\">Bulgaria<\/option><option  value=\"Burkina Faso\">Burkina Faso<\/option><option  value=\"Burundi\">Burundi<\/option><option  value=\"C\u00f4te d&#039;Ivoire\">C\u00f4te d&#039;Ivoire<\/option><option  value=\"Cambodia\">Cambodia<\/option><option  value=\"Cameroon\">Cameroon<\/option><option  value=\"Canada\">Canada<\/option><option  value=\"Cape Verde\">Cape Verde<\/option><option  value=\"Cayman Islands\">Cayman Islands<\/option><option  value=\"Central African Republic\">Central African Republic<\/option><option  value=\"Chad\">Chad<\/option><option  value=\"Chile\">Chile<\/option><option  value=\"China\">China<\/option><option  value=\"Christmas Island\">Christmas Island<\/option><option  value=\"Cocos (Keeling) Islands\">Cocos (Keeling) Islands<\/option><option  value=\"Colombia\">Colombia<\/option><option  value=\"Comoros\">Comoros<\/option><option  value=\"Congo\">Congo<\/option><option  value=\"Cook Islands\">Cook Islands<\/option><option  value=\"Costa Rica\">Costa Rica<\/option><option  value=\"Croatia\">Croatia<\/option><option  value=\"Cuba\">Cuba<\/option><option  value=\"Curacao\">Curacao<\/option><option  value=\"Cyprus\">Cyprus<\/option><option  value=\"Czech Republic\">Czech Republic<\/option><option  value=\"Denmark\">Denmark<\/option><option  value=\"Djibouti\">Djibouti<\/option><option  value=\"Dominica\">Dominica<\/option><option  value=\"Dominican Republic\">Dominican Republic<\/option><option  value=\"East Timor\">East Timor<\/option><option  value=\"Ecuador\">Ecuador<\/option><option  value=\"Egypt\">Egypt<\/option><option  value=\"El Salvador\">El Salvador<\/option><option  value=\"Equatorial Guinea\">Equatorial Guinea<\/option><option  value=\"Eritrea\">Eritrea<\/option><option  value=\"Estonia\">Estonia<\/option><option  value=\"Ethiopia\">Ethiopia<\/option><option  value=\"Falkland Islands (Malvinas)\">Falkland Islands (Malvinas)<\/option><option  value=\"Faroe Islands\">Faroe Islands<\/option><option  value=\"Fiji\">Fiji<\/option><option  value=\"Finland\">Finland<\/option><option  value=\"France\">France<\/option><option  value=\"French Guiana\">French Guiana<\/option><option  value=\"French Polynesia\">French Polynesia<\/option><option  value=\"French Southern Territories\">French Southern Territories<\/option><option  value=\"Gabon\">Gabon<\/option><option  value=\"Gambia\">Gambia<\/option><option  value=\"Georgia\">Georgia<\/option><option  value=\"Germany\">Germany<\/option><option  value=\"Ghana\">Ghana<\/option><option  value=\"Gibraltar\">Gibraltar<\/option><option  value=\"Greece\">Greece<\/option><option  value=\"Greenland\">Greenland<\/option><option  value=\"Grenada\">Grenada<\/option><option  value=\"Guadeloupe\">Guadeloupe<\/option><option  value=\"Guam\">Guam<\/option><option  value=\"Guatemala\">Guatemala<\/option><option  value=\"Guernsey\">Guernsey<\/option><option  value=\"Guinea\">Guinea<\/option><option  value=\"Guinea-Bissau\">Guinea-Bissau<\/option><option  value=\"Guyana\">Guyana<\/option><option  value=\"Haiti\">Haiti<\/option><option  value=\"Heard Island and McDonald Islands\">Heard Island and McDonald Islands<\/option><option  value=\"Holy See\">Holy See<\/option><option  value=\"Honduras\">Honduras<\/option><option  value=\"Hong Kong\">Hong Kong<\/option><option  value=\"Hungary\">Hungary<\/option><option  value=\"Iceland\">Iceland<\/option><option  value=\"India\">India<\/option><option  value=\"Indonesia\">Indonesia<\/option><option  value=\"Iran\">Iran<\/option><option  value=\"Iraq\">Iraq<\/option><option  value=\"Ireland\">Ireland<\/option><option  value=\"Isle of Man\">Isle of Man<\/option><option  value=\"Israel\">Israel<\/option><option  value=\"Italy\">Italy<\/option><option  value=\"Jamaica\">Jamaica<\/option><option  value=\"Japan\">Japan<\/option><option  value=\"Jersey\">Jersey<\/option><option  value=\"Jordan\">Jordan<\/option><option  value=\"Kazakhstan\">Kazakhstan<\/option><option  value=\"Kenya\">Kenya<\/option><option  value=\"Kiribati\">Kiribati<\/option><option  value=\"Kosovo\">Kosovo<\/option><option  value=\"Kuwait\">Kuwait<\/option><option  value=\"Kyrgyzstan\">Kyrgyzstan<\/option><option  value=\"Laos\">Laos<\/option><option  value=\"Latvia\">Latvia<\/option><option  value=\"Lebanon\">Lebanon<\/option><option  value=\"Lesotho\">Lesotho<\/option><option  value=\"Liberia\">Liberia<\/option><option  value=\"Libya\">Libya<\/option><option  value=\"Liechtenstein\">Liechtenstein<\/option><option  value=\"Lithuania\">Lithuania<\/option><option  value=\"Luxembourg\">Luxembourg<\/option><option  value=\"Macao\">Macao<\/option><option  value=\"Macedonia\">Macedonia<\/option><option  value=\"Madagascar\">Madagascar<\/option><option  value=\"Malawi\">Malawi<\/option><option  value=\"Malaysia\">Malaysia<\/option><option  value=\"Maldives\">Maldives<\/option><option  value=\"Mali\">Mali<\/option><option  value=\"Malta\">Malta<\/option><option  value=\"Marshall Islands\">Marshall Islands<\/option><option  value=\"Martinique\">Martinique<\/option><option  value=\"Mauritania\">Mauritania<\/option><option  value=\"Mauritius\">Mauritius<\/option><option  value=\"Mayotte\">Mayotte<\/option><option  value=\"Mexico\">Mexico<\/option><option  value=\"Micronesia\">Micronesia<\/option><option  value=\"Moldova\">Moldova<\/option><option  value=\"Monaco\">Monaco<\/option><option  value=\"Mongolia\">Mongolia<\/option><option  value=\"Montenegro\">Montenegro<\/option><option  value=\"Montserrat\">Montserrat<\/option><option  value=\"Morocco\">Morocco<\/option><option  value=\"Mozambique\">Mozambique<\/option><option  value=\"Myanmar\">Myanmar<\/option><option  value=\"Namibia\">Namibia<\/option><option  value=\"Nauru\">Nauru<\/option><option  value=\"Nepal\">Nepal<\/option><option  value=\"Netherlands\">Netherlands<\/option><option  value=\"New Caledonia\">New Caledonia<\/option><option  value=\"New Zealand\">New Zealand<\/option><option  value=\"Nicaragua\">Nicaragua<\/option><option  value=\"Niger\">Niger<\/option><option  value=\"Nigeria\">Nigeria<\/option><option  value=\"Niue\">Niue<\/option><option  value=\"Norfolk Island\">Norfolk Island<\/option><option  value=\"North Korea\">North Korea<\/option><option  value=\"Northern Mariana Islands\">Northern Mariana Islands<\/option><option  value=\"Norway\">Norway<\/option><option  value=\"Oman\">Oman<\/option><option  value=\"Pakistan\">Pakistan<\/option><option  value=\"Palau\">Palau<\/option><option  value=\"Palestine\">Palestine<\/option><option  value=\"Panama\">Panama<\/option><option  value=\"Papua New Guinea\">Papua New Guinea<\/option><option  value=\"Paraguay\">Paraguay<\/option><option  value=\"Peru\">Peru<\/option><option  value=\"Philippines\">Philippines<\/option><option  value=\"Pitcairn\">Pitcairn<\/option><option  value=\"Poland\">Poland<\/option><option  value=\"Portugal\">Portugal<\/option><option  value=\"Puerto Rico\">Puerto Rico<\/option><option  value=\"Qatar\">Qatar<\/option><option  value=\"Reunion\">Reunion<\/option><option  value=\"Romania\">Romania<\/option><option  value=\"Russia\">Russia<\/option><option  value=\"Rwanda\">Rwanda<\/option><option  value=\"Saint Barthelemy\">Saint Barthelemy<\/option><option  value=\"Saint Helena, Ascension and Tristan da Cunha\">Saint Helena, Ascension and Tristan da Cunha<\/option><option  value=\"Saint Kitts and Nevis\">Saint Kitts and Nevis<\/option><option  value=\"Saint Lucia\">Saint Lucia<\/option><option  value=\"Saint Martin (French part)\">Saint Martin (French part)<\/option><option  value=\"Saint Pierre and Miquelon\">Saint Pierre and Miquelon<\/option><option  value=\"Saint Vincent and the Grenadines\">Saint Vincent and the Grenadines<\/option><option  value=\"Samoa\">Samoa<\/option><option  value=\"San Marino\">San Marino<\/option><option  value=\"Sao Tome and Principe\">Sao Tome and Principe<\/option><option  value=\"Saudi Arabia\">Saudi Arabia<\/option><option  value=\"Senegal\">Senegal<\/option><option  value=\"Serbia\">Serbia<\/option><option  value=\"Seychelles\">Seychelles<\/option><option  value=\"Sierra Leone\">Sierra Leone<\/option><option  value=\"Singapore\">Singapore<\/option><option  value=\"Sint Maarten (Dutch part)\">Sint Maarten (Dutch part)<\/option><option  value=\"Slovakia\">Slovakia<\/option><option  value=\"Slovenia\">Slovenia<\/option><option  value=\"Solomon Islands\">Solomon Islands<\/option><option  value=\"Somalia\">Somalia<\/option><option  value=\"South Africa\">South Africa<\/option><option  value=\"South Georgia and the South Sandwich Islands\">South Georgia and the South Sandwich Islands<\/option><option  value=\"South Korea\">South Korea<\/option><option  value=\"South Sudan\">South Sudan<\/option><option  value=\"Spain\">Spain<\/option><option  value=\"Sri Lanka\">Sri Lanka<\/option><option  value=\"Sudan\">Sudan<\/option><option  value=\"Suriname\">Suriname<\/option><option  value=\"Svalbard and Jan Mayen\">Svalbard and Jan Mayen<\/option><option  value=\"Swaziland\">Swaziland<\/option><option  value=\"Sweden\">Sweden<\/option><option  value=\"Switzerland\">Switzerland<\/option><option  value=\"Syria\">Syria<\/option><option  value=\"Taiwan\">Taiwan<\/option><option  value=\"Tajikistan\">Tajikistan<\/option><option  value=\"Tanzania\">Tanzania<\/option><option  value=\"Thailand\">Thailand<\/option><option  value=\"Timor-Leste\">Timor-Leste<\/option><option  value=\"Togo\">Togo<\/option><option  value=\"Tokelau\">Tokelau<\/option><option  value=\"Tonga\">Tonga<\/option><option  value=\"Trinidad and Tobago\">Trinidad and Tobago<\/option><option  value=\"Tunisia\">Tunisia<\/option><option  value=\"Turkey\">Turkey<\/option><option  value=\"Turkmenistan\">Turkmenistan<\/option><option  value=\"Turks and Caicos Islands\">Turks and Caicos Islands<\/option><option  value=\"Tuvalu\">Tuvalu<\/option><option  value=\"Uganda\">Uganda<\/option><option  value=\"Ukraine\">Ukraine<\/option><option  value=\"United Arab Emirates\">United Arab Emirates<\/option><option  value=\"United Kingdom\">United Kingdom<\/option><option  value=\"United States\">United States<\/option><option  value=\"United States Minor Outlying Islands\">United States Minor Outlying Islands<\/option><option  value=\"Uruguay\">Uruguay<\/option><option  value=\"Uzbekistan\">Uzbekistan<\/option><option  value=\"Vanuatu\">Vanuatu<\/option><option  value=\"Vatican City\">Vatican City<\/option><option  value=\"Venezuela\">Venezuela<\/option><option  value=\"Vietnam\">Vietnam<\/option><option  value=\"Virgin Islands, British\">Virgin Islands, British<\/option><option  value=\"Virgin Islands, U.S.\">Virgin Islands, U.S.<\/option><option  value=\"Wallis and Futuna\">Wallis and Futuna<\/option><option  value=\"Western Sahara\">Western Sahara<\/option><option  value=\"Yemen\">Yemen<\/option><option  value=\"Zambia\">Zambia<\/option><option  value=\"Zimbabwe\">Zimbabwe<\/option>\t<\/select>\n\t\r\n\t\r\n\t\r\n<\/div>\n<div id=\"frm_field_154_container\" class=\"frm_form_field form-field  frm_required_field frm_top_container\">\r\n\t<label for=\"field_w4qfl33\" id=\"field_w4qfl33_label\" class=\"frm_primary_label\">Profesi\u00f3n, ocupaci\u00f3n o especialidad\r\n\t\t<span class=\"frm_required\" aria-hidden=\"true\">*<\/span>\r\n\t<\/label>\r\n\t<input  type=\"text\" id=\"field_w4qfl33\" name=\"item_meta[154]\" value=\"\"  data-reqmsg=\"Profesi\u00f3n, ocupaci\u00f3n o especialidad cannot be blank.\" aria-required=\"true\" data-invmsg=\"Profesi\u00f3n, ocupaci\u00f3n o especialidad is invalid\" aria-invalid=\"false\"   \/>\r\n\t\r\n\t\r\n<\/div>\n<div id=\"frm_field_155_container\" class=\"frm_form_field form-field  frm_required_field frm_top_container\">\r\n\t<label for=\"field_3pjbl3\" id=\"field_3pjbl3_label\" class=\"frm_primary_label\">Centro de Trabajo \/ Afiliaci\u00f3n\r\n\t\t<span class=\"frm_required\" aria-hidden=\"true\">*<\/span>\r\n\t<\/label>\r\n\t<input  type=\"text\" id=\"field_3pjbl3\" name=\"item_meta[155]\" value=\"\"  data-reqmsg=\"Centro de Trabajo \/ Afiliaci\u00f3n no puede estar en blanco.\" aria-required=\"true\" data-invmsg=\"Centro de Trabajo \/ Afiliaci\u00f3n no es v\u00e1lido\" aria-invalid=\"false\"   \/>\r\n\t\r\n\t\r\n<\/div>\n<div id=\"frm_field_170_container\" class=\"frm_form_field form-field  frm12 frm_first\">\r\n\t<div class=\"frm_submit frm_flex\">\r\n<button class=\"frm_button_submit frm_final_submit\" type=\"submit\"   formnovalidate=\"formnovalidate\">Enviar<\/button>\r\n\r\n\r\n\r\n<\/div>\r\n<\/div>\n\t<input type=\"hidden\" name=\"item_key\" value=\"\" \/>\n\t\t\t<div id=\"frm_field_171_container\">\n\t\t\t<label for=\"field_i5h1l\" >\n\t\t\t\tSi eres humano, deja este campo en blanco.\t\t\t<\/label>\n\t\t\t<input  id=\"field_i5h1l\" type=\"text\" class=\"frm_form_field form-field frm_verify\" name=\"item_meta[171]\" value=\"\"  \/>\n\t\t<\/div>\n\t\t<input name=\"frm_state\" type=\"hidden\" value=\"1XoLqjDXzBJPUqim3qJkqwtPPJIV1QLfhWVCx\/N8X1pLLWZRCvwo\/bzWjiW9qMjP\" \/><\/div>\n<\/fieldset>\n<\/div>\n\n<\/form>\n<\/div>\n<\/div>\n\t\t\t\t\t\t<\/div>\n\t\t\t\t<\/div>\n\t\t\t\t\t<\/div>\n\t\t\t\t<\/div>\n\t\t\t\t<\/div>\n\t\t","protected":false},"excerpt":{"rendered":"<p>FORMULARIO DE INSCRIPCI\u00d3N &#8211; RITA 2025 VIRTUAL Tener en cuanta que el llenado de este formulario no garantiza su participaci\u00f3n, [&hellip;]<\/p>\n","protected":false},"author":1,"featured_media":0,"parent":0,"menu_order":0,"comment_status":"closed","ping_status":"closed","template":"","meta":{"site-sidebar-layout":"no-sidebar","site-content-layout":"","ast-site-content-layout":"full-width-container","site-content-style":"default","site-sidebar-style":"default","ast-global-header-display":"","ast-banner-title-visibility":"","ast-main-header-display":"","ast-hfb-above-header-display":"","ast-hfb-below-header-display":"","ast-hfb-mobile-header-display":"","site-post-title":"disabled","ast-breadcrumbs-content":"","ast-featured-img":"disabled","footer-sml-layout":"","ast-disable-related-posts":"","theme-transparent-header-meta":"","adv-header-id-meta":"","stick-header-meta":"","header-above-stick-meta":"","header-main-stick-meta":"","header-below-stick-meta":"","astra-migrate-meta-layouts":"default","ast-page-background-enabled":"default","ast-page-background-meta":{"desktop":{"background-color":"var(--ast-global-color-5)","background-image":"","background-repeat":"repeat","background-position":"center center","background-size":"auto","background-attachment":"scroll","background-type":"","background-media":"","overlay-type":"","overlay-color":"","overlay-opacity":"","overlay-gradient":""},"tablet":{"background-color":"","background-image":"","background-repeat":"repeat","background-position":"center center","background-size":"auto","background-attachment":"scroll","background-type":"","background-media":"","overlay-type":"","overlay-color":"","overlay-opacity":"","overlay-gradient":""},"mobile":{"background-color":"","background-image":"","background-repeat":"repeat","background-position":"center center","background-size":"auto","background-attachment":"scroll","background-type":"","background-media":"","overlay-type":"","overlay-color":"","overlay-opacity":"","overlay-gradient":""}},"ast-content-background-meta":{"desktop":{"background-color":"var(--ast-global-color-4)","background-image":"","background-repeat":"repeat","background-position":"center center","background-size":"auto","background-attachment":"scroll","background-type":"","background-media":"","overlay-type":"","overlay-color":"","overlay-opacity":"","overlay-gradient":""},"tablet":{"background-color":"var(--ast-global-color-4)","background-image":"","background-repeat":"repeat","background-position":"center center","background-size":"auto","background-attachment":"scroll","background-type":"","background-media":"","overlay-type":"","overlay-color":"","overlay-opacity":"","overlay-gradient":""},"mobile":{"background-color":"var(--ast-global-color-4)","background-image":"","background-repeat":"repeat","background-position":"center center","background-size":"auto","background-attachment":"scroll","background-type":"","background-media":"","overlay-type":"","overlay-color":"","overlay-opacity":"","overlay-gradient":""}},"_joinchat":[],"footnotes":""},"class_list":["post-1486","page","type-page","status-publish","hentry"],"_links":{"self":[{"href":"https:\/\/ritaconference.org\/es\/wp-json\/wp\/v2\/pages\/1486","targetHints":{"allow":["GET"]}}],"collection":[{"href":"https:\/\/ritaconference.org\/es\/wp-json\/wp\/v2\/pages"}],"about":[{"href":"https:\/\/ritaconference.org\/es\/wp-json\/wp\/v2\/types\/page"}],"author":[{"embeddable":true,"href":"https:\/\/ritaconference.org\/es\/wp-json\/wp\/v2\/users\/1"}],"replies":[{"embeddable":true,"href":"https:\/\/ritaconference.org\/es\/wp-json\/wp\/v2\/comments?post=1486"}],"version-history":[{"count":13,"href":"https:\/\/ritaconference.org\/es\/wp-json\/wp\/v2\/pages\/1486\/revisions"}],"predecessor-version":[{"id":1504,"href":"https:\/\/ritaconference.org\/es\/wp-json\/wp\/v2\/pages\/1486\/revisions\/1504"}],"wp:attachment":[{"href":"https:\/\/ritaconference.org\/es\/wp-json\/wp\/v2\/media?parent=1486"}],"curies":[{"name":"wp","href":"https:\/\/api.w.org\/{rel}","templated":true}]}}